{"id":3796,"date":"2024-01-19T16:30:02","date_gmt":"2024-01-19T15:30:02","guid":{"rendered":"https:\/\/swiss-pixel.com\/?page_id=3796"},"modified":"2024-01-20T17:28:30","modified_gmt":"2024-01-20T16:28:30","slug":"online-store-and-website-creation","status":"publish","type":"page","link":"https:\/\/swiss-pixel.com\/de\/online-store-and-website-creation\/","title":{"rendered":"Onlineshop und Website-Erstellung"},"content":{"rendered":"<div data-elementor-type=\"wp-page\" data-elementor-id=\"3796\" class=\"elementor elementor-3796\" data-elementor-post-type=\"page\">\n\t\t\t\t\t\t<section class=\"elementor-section elementor-top-section elementor-element elementor-element-87c93cb elementor-section-height-min-height wd-section-stretch elementor-section-content-bottom elementor-section-items-bottom elementor-section-boxed elementor-section-height-default\" data-id=\"87c93cb\" data-element_type=\"section\" data-settings=\"{&quot;background_background&quot;:&quot;classic&quot;}\">\n\t\t\t\t\t\t<div class=\"elementor-container elementor-column-gap-wide\">\n\t\t\t\t\t<div class=\"elementor-column elementor-col-50 elementor-top-column elementor-element elementor-element-3b3c8680\" data-id=\"3b3c8680\" data-element_type=\"column\">\n\t\t\t<div class=\"elementor-widget-wrap elementor-element-populated\">\n\t\t\t\t\t\t<div class=\"elementor-element elementor-element-7c19ce45 elementor-widget elementor-widget-heading\" data-id=\"7c19ce45\" data-element_type=\"widget\" data-widget_type=\"heading.default\">\n\t\t\t\t<div class=\"elementor-widget-container\">\n\t\t\t\t\t<h1 class=\"elementor-heading-title elementor-size-default\">Onlineshop und Website-Erstellung<\/h1>\t\t\t\t<\/div>\n\t\t\t\t<\/div>\n\t\t\t\t\t<\/div>\n\t\t<\/div>\n\t\t\t\t<div class=\"elementor-column elementor-col-50 elementor-top-column elementor-element elementor-element-27c0985f\" data-id=\"27c0985f\" data-element_type=\"column\">\n\t\t\t<div class=\"elementor-widget-wrap\">\n\t\t\t\t\t\t\t<\/div>\n\t\t<\/div>\n\t\t\t\t\t<\/div>\n\t\t<\/section>\n\t\t\t\t<section class=\"elementor-section elementor-top-section elementor-element elementor-element-55da7151 wd-section-stretch elementor-section-boxed elementor-section-height-default elementor-section-height-default\" data-id=\"55da7151\" data-element_type=\"section\" data-settings=\"{&quot;background_background&quot;:&quot;classic&quot;}\">\n\t\t\t\t\t\t\t<div class=\"elementor-background-overlay\"><\/div>\n\t\t\t\t\t\t\t<div class=\"elementor-container elementor-column-gap-default\">\n\t\t\t\t\t<div class=\"elementor-column elementor-col-100 elementor-top-column elementor-element elementor-element-270ec49a\" data-id=\"270ec49a\" data-element_type=\"column\">\n\t\t\t<div class=\"elementor-widget-wrap elementor-element-populated\">\n\t\t\t\t\t\t<div class=\"elementor-element elementor-element-cf3037c color-scheme-inherit text-left elementor-widget elementor-widget-text-editor\" data-id=\"cf3037c\" data-element_type=\"widget\" data-widget_type=\"text-editor.default\">\n\t\t\t\t<div class=\"elementor-widget-container\">\n\t\t\t\t\t\t\t\t\tBei Swiss Pixel setzen wir mit Leidenschaft Ideen in fesselnde Online-Erlebnisse um. Als f\u00fchrende Agentur f\u00fcr digitales Marketing sind wir auf die umfassende Erstellung von Websites und Webshops spezialisiert und sorgen daf\u00fcr, dass Ihre Online-Pr\u00e4senz im heutigen digitalen Wettbewerb hervorsticht.\t\t\t\t\t\t\t\t<\/div>\n\t\t\t\t<\/div>\n\t\t\t\t<div class=\"elementor-element elementor-element-2009f46d elementor-widget elementor-widget-heading\" data-id=\"2009f46d\" data-element_type=\"widget\" data-widget_type=\"heading.default\">\n\t\t\t\t<div class=\"elementor-widget-container\">\n\t\t\t\t\t<h2 class=\"elementor-heading-title elementor-size-default\">Website-Erstellungsdienste:<\/h2>\t\t\t\t<\/div>\n\t\t\t\t<\/div>\n\t\t\t\t<div class=\"elementor-element elementor-element-c1c79b1 elementor-widget-divider--view-line elementor-widget elementor-widget-divider\" data-id=\"c1c79b1\" data-element_type=\"widget\" data-widget_type=\"divider.default\">\n\t\t\t\t<div class=\"elementor-widget-container\">\n\t\t\t\t\t\t\t<div class=\"elementor-divider\">\n\t\t\t<span class=\"elementor-divider-separator\">\n\t\t\t\t\t\t<\/span>\n\t\t<\/div>\n\t\t\t\t\t\t<\/div>\n\t\t\t\t<\/div>\n\t\t\t\t<div class=\"elementor-element elementor-element-72536c3a elementor-widget elementor-widget-heading\" data-id=\"72536c3a\" data-element_type=\"widget\" data-widget_type=\"heading.default\">\n\t\t\t\t<div class=\"elementor-widget-container\">\n\t\t\t\t\t<h4 class=\"elementor-heading-title elementor-size-default\">Auswahl des Hostings:<\/h4>\t\t\t\t<\/div>\n\t\t\t\t<\/div>\n\t\t\t\t<div class=\"elementor-element elementor-element-48b8c3d6 color-scheme-inherit text-left elementor-widget elementor-widget-text-editor\" data-id=\"48b8c3d6\" data-element_type=\"widget\" data-widget_type=\"text-editor.default\">\n\t\t\t\t<div class=\"elementor-widget-container\">\n\t\t\t\t\t\t\t\t\tWir unterst\u00fctzen Sie bei der Auswahl der zuverl\u00e4ssigsten und effizientesten Hosting-L\u00f6sung, die auf die Bed\u00fcrfnisse Ihrer Website zugeschnitten ist. Von Shared Hosting bis hin zu dedizierten Servern sorgen wir f\u00fcr ein nahtloses Online-Erlebnis f\u00fcr Ihre Besucher.\t\t\t\t\t\t\t\t<\/div>\n\t\t\t\t<\/div>\n\t\t\t\t<div class=\"elementor-element elementor-element-62464373 elementor-widget elementor-widget-heading\" data-id=\"62464373\" data-element_type=\"widget\" data-widget_type=\"heading.default\">\n\t\t\t\t<div class=\"elementor-widget-container\">\n\t\t\t\t\t<h4 class=\"elementor-heading-title elementor-size-default\">Design:<\/h4>\t\t\t\t<\/div>\n\t\t\t\t<\/div>\n\t\t\t\t<div class=\"elementor-element elementor-element-307428f7 color-scheme-inherit text-left elementor-widget elementor-widget-text-editor\" data-id=\"307428f7\" data-element_type=\"widget\" data-widget_type=\"text-editor.default\">\n\t\t\t\t<div class=\"elementor-widget-container\">\n\t\t\t\t\t\t\t\t\tUnser Team aus kreativen Designern gestaltet visuell beeindruckende und benutzerfreundliche Websites, die einen bleibenden Eindruck hinterlassen. Wir glauben an die Kraft des Designs, Ihre Markenbotschaft effektiv zu vermitteln.\t\t\t\t\t\t\t\t<\/div>\n\t\t\t\t<\/div>\n\t\t\t\t<div class=\"elementor-element elementor-element-7ae9d66 elementor-widget elementor-widget-heading\" data-id=\"7ae9d66\" data-element_type=\"widget\" data-widget_type=\"heading.default\">\n\t\t\t\t<div class=\"elementor-widget-container\">\n\t\t\t\t\t<h4 class=\"elementor-heading-title elementor-size-default\">Anpassung:<\/h4>\t\t\t\t<\/div>\n\t\t\t\t<\/div>\n\t\t\t\t<div class=\"elementor-element elementor-element-50e2ad4a color-scheme-inherit text-left elementor-widget elementor-widget-text-editor\" data-id=\"50e2ad4a\" data-element_type=\"widget\" data-widget_type=\"text-editor.default\">\n\t\t\t\t<div class=\"elementor-widget-container\">\n\t\t\t\t\t\t\t\t\tIhre Website sollte Ihre einzigartige Identit\u00e4t widerspiegeln. Wir bieten umfangreiche Anpassungsm\u00f6glichkeiten, damit Ihre Website perfekt zu Ihrer Marke, Mission und Ihren Zielen passt.\t\t\t\t\t\t\t\t<\/div>\n\t\t\t\t<\/div>\n\t\t\t\t<div class=\"elementor-element elementor-element-46302b88 elementor-widget elementor-widget-heading\" data-id=\"46302b88\" data-element_type=\"widget\" data-widget_type=\"heading.default\">\n\t\t\t\t<div class=\"elementor-widget-container\">\n\t\t\t\t\t<h4 class=\"elementor-heading-title elementor-size-default\">Einrichten einer Dom\u00e4ne:<\/h4>\t\t\t\t<\/div>\n\t\t\t\t<\/div>\n\t\t\t\t<div class=\"elementor-element elementor-element-63b1e49f color-scheme-inherit text-left elementor-widget elementor-widget-text-editor\" data-id=\"63b1e49f\" data-element_type=\"widget\" data-widget_type=\"text-editor.default\">\n\t\t\t\t<div class=\"elementor-widget-container\">\n\t\t\t\t\t\t\t\t\tDie richtige Domain ist entscheidend. Wir begleiten Sie bei der Auswahl und Registrierung einer Domain, die nicht nur zu Ihrer Marke passt, sondern auch Ihre Online-Sichtbarkeit verbessert.\t\t\t\t\t\t\t\t<\/div>\n\t\t\t\t<\/div>\n\t\t\t\t<div class=\"elementor-element elementor-element-1d94eec0 elementor-widget elementor-widget-heading\" data-id=\"1d94eec0\" data-element_type=\"widget\" data-widget_type=\"heading.default\">\n\t\t\t\t<div class=\"elementor-widget-container\">\n\t\t\t\t\t<h4 class=\"elementor-heading-title elementor-size-default\">Optimierung:<\/h4>\t\t\t\t<\/div>\n\t\t\t\t<\/div>\n\t\t\t\t<div class=\"elementor-element elementor-element-34ec511e color-scheme-inherit text-left elementor-widget elementor-widget-text-editor\" data-id=\"34ec511e\" data-element_type=\"widget\" data-widget_type=\"text-editor.default\">\n\t\t\t\t<div class=\"elementor-widget-container\">\n\t\t\t\t\t\t\t\t\tUnsere Optimierungstechniken sorgen daf\u00fcr, dass Ihre Website die beste Leistung erbringt. Wir konzentrieren uns auf Geschwindigkeit, Benutzerfreundlichkeit und Suchmaschinenoptimierung, um den Datenverkehr zu steigern und Ihre Online-Pr\u00e4senz zu verbessern.\t\t\t\t\t\t\t\t<\/div>\n\t\t\t\t<\/div>\n\t\t\t\t<div class=\"elementor-element elementor-element-69537df4 elementor-widget elementor-widget-heading\" data-id=\"69537df4\" data-element_type=\"widget\" data-widget_type=\"heading.default\">\n\t\t\t\t<div class=\"elementor-widget-container\">\n\t\t\t\t\t<h4 class=\"elementor-heading-title elementor-size-default\">Zahlungsoptimierung:<\/h4>\t\t\t\t<\/div>\n\t\t\t\t<\/div>\n\t\t\t\t<div class=\"elementor-element elementor-element-79f27582 color-scheme-inherit text-left elementor-widget elementor-widget-text-editor\" data-id=\"79f27582\" data-element_type=\"widget\" data-widget_type=\"text-editor.default\">\n\t\t\t\t<div class=\"elementor-widget-container\">\n\t\t\t\t\t\t\t\t\tDer Erfolg im E-Commerce h\u00e4ngt von reibungslosen Zahlungsprozessen ab. Wir optimieren die Zahlungssysteme Ihrer Website, um Ihren Kunden ein sicheres, reibungsloses und stressfreies Einkaufserlebnis zu bieten.\t\t\t\t\t\t\t\t<\/div>\n\t\t\t\t<\/div>\n\t\t\t\t<div class=\"elementor-element elementor-element-9416603 elementor-widget elementor-widget-heading\" data-id=\"9416603\" data-element_type=\"widget\" data-widget_type=\"heading.default\">\n\t\t\t\t<div class=\"elementor-widget-container\">\n\t\t\t\t\t<h4 class=\"elementor-heading-title elementor-size-default\">Website-Stabilit\u00e4t \u00fcber Mobiltelefone:<\/h4>\t\t\t\t<\/div>\n\t\t\t\t<\/div>\n\t\t\t\t<div class=\"elementor-element elementor-element-f5c12f5 color-scheme-inherit text-left elementor-widget elementor-widget-text-editor\" data-id=\"f5c12f5\" data-element_type=\"widget\" data-widget_type=\"text-editor.default\">\n\t\t\t\t<div class=\"elementor-widget-container\">\n\t\t\t\t\t\t\t\t\tAngesichts der zunehmenden Nutzung mobiler Ger\u00e4te legen wir Wert auf die mobile Reaktionsf\u00e4higkeit. Ihre Website wird auf verschiedenen Bildschirmgr\u00f6\u00dfen einwandfrei angezeigt und funktioniert einwandfrei, sodass Nutzer auf Smartphones und Tablets ein optimales Erlebnis haben.\t\t\t\t\t\t\t\t<\/div>\n\t\t\t\t<\/div>\n\t\t\t\t<div class=\"elementor-element elementor-element-740b431 elementor-widget elementor-widget-heading\" data-id=\"740b431\" data-element_type=\"widget\" data-widget_type=\"heading.default\">\n\t\t\t\t<div class=\"elementor-widget-container\">\n\t\t\t\t\t<h2 class=\"elementor-heading-title elementor-size-default\">Warum uns w\u00e4hlen:<\/h2>\t\t\t\t<\/div>\n\t\t\t\t<\/div>\n\t\t\t\t<div class=\"elementor-element elementor-element-9d0492e elementor-widget-divider--view-line elementor-widget elementor-widget-divider\" data-id=\"9d0492e\" data-element_type=\"widget\" data-widget_type=\"divider.default\">\n\t\t\t\t<div class=\"elementor-widget-container\">\n\t\t\t\t\t\t\t<div class=\"elementor-divider\">\n\t\t\t<span class=\"elementor-divider-separator\">\n\t\t\t\t\t\t<\/span>\n\t\t<\/div>\n\t\t\t\t\t\t<\/div>\n\t\t\t\t<\/div>\n\t\t\t\t<div class=\"elementor-element elementor-element-3bb6dab elementor-widget elementor-widget-heading\" data-id=\"3bb6dab\" data-element_type=\"widget\" data-widget_type=\"heading.default\">\n\t\t\t\t<div class=\"elementor-widget-container\">\n\t\t\t\t\t<h4 class=\"elementor-heading-title elementor-size-default\">Sachverstand: <\/h4>\t\t\t\t<\/div>\n\t\t\t\t<\/div>\n\t\t\t\t<div class=\"elementor-element elementor-element-4ad8c4e color-scheme-inherit text-left elementor-widget elementor-widget-text-editor\" data-id=\"4ad8c4e\" data-element_type=\"widget\" data-widget_type=\"text-editor.default\">\n\t\t\t\t<div class=\"elementor-widget-container\">\n\t\t\t\t\t\t\t\t\tUnser Team aus qualifizierten Fachleuten verf\u00fcgt \u00fcber jahrelange Erfahrung im digitalen Marketing und in der Webentwicklung.\t\t\t\t\t\t\t\t<\/div>\n\t\t\t\t<\/div>\n\t\t\t\t<div class=\"elementor-element elementor-element-a8691da elementor-widget elementor-widget-heading\" data-id=\"a8691da\" data-element_type=\"widget\" data-widget_type=\"heading.default\">\n\t\t\t\t<div class=\"elementor-widget-container\">\n\t\t\t\t\t<h4 class=\"elementor-heading-title elementor-size-default\">Ma\u00dfgeschneiderte L\u00f6sungen: <\/h4>\t\t\t\t<\/div>\n\t\t\t\t<\/div>\n\t\t\t\t<div class=\"elementor-element elementor-element-591392d color-scheme-inherit text-left elementor-widget elementor-widget-text-editor\" data-id=\"591392d\" data-element_type=\"widget\" data-widget_type=\"text-editor.default\">\n\t\t\t\t<div class=\"elementor-widget-container\">\n\t\t\t\t\t\t\t\t\tWir wissen, dass jedes Unternehmen einzigartig ist. Unsere Dienstleistungen sind auf Ihre spezifischen Bed\u00fcrfnisse und Ziele zugeschnitten.\t\t\t\t\t\t\t\t<\/div>\n\t\t\t\t<\/div>\n\t\t\t\t<div class=\"elementor-element elementor-element-5fd819d elementor-widget elementor-widget-heading\" data-id=\"5fd819d\" data-element_type=\"widget\" data-widget_type=\"heading.default\">\n\t\t\t\t<div class=\"elementor-widget-container\">\n\t\t\t\t\t<h4 class=\"elementor-heading-title elementor-size-default\">Ergebnisorientiert: <\/h4>\t\t\t\t<\/div>\n\t\t\t\t<\/div>\n\t\t\t\t<div class=\"elementor-element elementor-element-6eda8bc color-scheme-inherit text-left elementor-widget elementor-widget-text-editor\" data-id=\"6eda8bc\" data-element_type=\"widget\" data-widget_type=\"text-editor.default\">\n\t\t\t\t<div class=\"elementor-widget-container\">\n\t\t\t\t\t\t\t\t\tWir sind bestrebt, greifbare Ergebnisse zu liefern. Ihr Erfolg ist unsere Priorit\u00e4t.\t\t\t\t\t\t\t\t<\/div>\n\t\t\t\t<\/div>\n\t\t\t\t<div class=\"elementor-element elementor-element-ab5b158 elementor-widget elementor-widget-heading\" data-id=\"ab5b158\" data-element_type=\"widget\" data-widget_type=\"heading.default\">\n\t\t\t\t<div class=\"elementor-widget-container\">\n\t\t\t\t\t<h4 class=\"elementor-heading-title elementor-size-default\">Laufende Unterst\u00fctzung:  <\/h4>\t\t\t\t<\/div>\n\t\t\t\t<\/div>\n\t\t\t\t<div class=\"elementor-element elementor-element-93290dd color-scheme-inherit text-left elementor-widget elementor-widget-text-editor\" data-id=\"93290dd\" data-element_type=\"widget\" data-widget_type=\"text-editor.default\">\n\t\t\t\t<div class=\"elementor-widget-container\">\n\t\t\t\t\t\t\t\t\tUnser Engagement endet nicht mit dem Start. Wir bieten Ihnen fortlaufenden Support, um sicherzustellen, dass Ihre Website sich weiterentwickelt und erfolgreich ist.\t\t\t\t\t\t\t\t<\/div>\n\t\t\t\t<\/div>\n\t\t\t\t<div class=\"elementor-element elementor-element-5e10aaaa color-scheme-inherit text-left elementor-widget elementor-widget-text-editor\" data-id=\"5e10aaaa\" data-element_type=\"widget\" data-widget_type=\"text-editor.default\">\n\t\t\t\t<div class=\"elementor-widget-container\">\n\t\t\t\t\t\t\t\t\t<p>Steigern Sie Ihre Online-Pr\u00e4senz mit [Name Ihrer Agentur]. Lassen Sie uns Ihre Vision in die digitale Realit\u00e4t umsetzen.<\/p><p>Kontaktieren Sie uns noch heute, um loszulegen! <\/p>\t\t\t\t\t\t\t\t<\/div>\n\t\t\t\t<\/div>\n\t\t\t\t<div class=\"elementor-element elementor-element-693720ee elementor-widget elementor-widget-button\" data-id=\"693720ee\" data-element_type=\"widget\" data-widget_type=\"button.default\">\n\t\t\t\t<div class=\"elementor-widget-container\">\n\t\t\t\t\t\t\t\t\t<div class=\"elementor-button-wrapper\">\n\t\t\t\t\t<a class=\"elementor-button elementor-button-link elementor-size-sm\" href=\"https:\/\/swiss-pixel.com\/de\/#ourcontact\">\n\t\t\t\t\t\t<span class=\"elementor-button-content-wrapper\">\n\t\t\t\t\t\t\t\t\t<span class=\"elementor-button-text\">KONTAKTIEREN SIE UNS<\/span>\n\t\t\t\t\t<\/span>\n\t\t\t\t\t<\/a>\n\t\t\t\t<\/div>\n\t\t\t\t\t\t\t\t<\/div>\n\t\t\t\t<\/div>\n\t\t\t\t<div class=\"elementor-element elementor-element-3d3595b8 elementor-widget elementor-widget-spacer\" data-id=\"3d3595b8\" data-element_type=\"widget\" data-widget_type=\"spacer.default\">\n\t\t\t\t<div class=\"elementor-widget-container\">\n\t\t\t\t\t\t\t<div class=\"elementor-spacer\">\n\t\t\t<div class=\"elementor-spacer-inner\"><\/div>\n\t\t<\/div>\n\t\t\t\t\t\t<\/div>\n\t\t\t\t<\/div>\n\t\t\t\t\t<\/div>\n\t\t<\/div>\n\t\t\t\t\t<\/div>\n\t\t<\/section>\n\t\t\t\t<\/div>","protected":false},"excerpt":{"rendered":"<p>Wir bei Swiss Pixel haben eine Leidenschaft daf\u00fcr, Ideen in fesselnde Online-Erlebnisse zu verwandeln. Als f\u00fchrende Digitalmarketing-Agentur\u2026<\/p>","protected":false},"author":1,"featured_media":0,"parent":0,"menu_order":0,"comment_status":"closed","ping_status":"closed","template":"","meta":{"_acf_changed":false,"footnotes":""},"class_list":["post-3796","page","type-page","status-publish","hentry"],"acf":[],"_links":{"self":[{"href":"https:\/\/swiss-pixel.com\/de\/wp-json\/wp\/v2\/pages\/3796","targetHints":{"allow":["GET"]}}],"collection":[{"href":"https:\/\/swiss-pixel.com\/de\/wp-json\/wp\/v2\/pages"}],"about":[{"href":"https:\/\/swiss-pixel.com\/de\/wp-json\/wp\/v2\/types\/page"}],"author":[{"embeddable":true,"href":"https:\/\/swiss-pixel.com\/de\/wp-json\/wp\/v2\/users\/1"}],"replies":[{"embeddable":true,"href":"https:\/\/swiss-pixel.com\/de\/wp-json\/wp\/v2\/comments?post=3796"}],"version-history":[{"count":0,"href":"https:\/\/swiss-pixel.com\/de\/wp-json\/wp\/v2\/pages\/3796\/revisions"}],"wp:attachment":[{"href":"https:\/\/swiss-pixel.com\/de\/wp-json\/wp\/v2\/media?parent=3796"}],"curies":[{"name":"wp","href":"https:\/\/api.w.org\/{rel}","templated":true}]}}