{"id":3794,"date":"2024-01-19T16:29:54","date_gmt":"2024-01-19T15:29:54","guid":{"rendered":"https:\/\/swiss-pixel.com\/?page_id=3794"},"modified":"2024-01-20T16:14:58","modified_gmt":"2024-01-20T15:14:58","slug":"search-engine-optimisation-seo","status":"publish","type":"page","link":"https:\/\/swiss-pixel.com\/de\/search-engine-optimisation-seo\/","title":{"rendered":"Suchmaschinenoptimierung (SEO)"},"content":{"rendered":"<div data-elementor-type=\"wp-page\" data-elementor-id=\"3794\" class=\"elementor elementor-3794\" data-elementor-post-type=\"page\">\n\t\t\t\t\t\t<section class=\"elementor-section elementor-top-section elementor-element elementor-element-1dfe456f elementor-section-height-min-height wd-section-stretch elementor-section-content-bottom elementor-section-items-bottom elementor-section-boxed elementor-section-height-default\" data-id=\"1dfe456f\" data-element_type=\"section\" data-settings=\"{&quot;background_background&quot;:&quot;classic&quot;}\">\n\t\t\t\t\t\t<div class=\"elementor-container elementor-column-gap-wide\">\n\t\t\t\t\t<div class=\"elementor-column elementor-col-50 elementor-top-column elementor-element elementor-element-64fddfca\" data-id=\"64fddfca\" data-element_type=\"column\">\n\t\t\t<div class=\"elementor-widget-wrap elementor-element-populated\">\n\t\t\t\t\t\t<div class=\"elementor-element elementor-element-559d37c9 elementor-widget elementor-widget-heading\" data-id=\"559d37c9\" data-element_type=\"widget\" data-widget_type=\"heading.default\">\n\t\t\t\t<div class=\"elementor-widget-container\">\n\t\t\t\t\t<h1 class=\"elementor-heading-title elementor-size-default\">Suchmaschinenoptimierung (SEO)<\/h1>\t\t\t\t<\/div>\n\t\t\t\t<\/div>\n\t\t\t\t\t<\/div>\n\t\t<\/div>\n\t\t\t\t<div class=\"elementor-column elementor-col-50 elementor-top-column elementor-element elementor-element-51cc4ea8\" data-id=\"51cc4ea8\" data-element_type=\"column\">\n\t\t\t<div class=\"elementor-widget-wrap\">\n\t\t\t\t\t\t\t<\/div>\n\t\t<\/div>\n\t\t\t\t\t<\/div>\n\t\t<\/section>\n\t\t\t\t<section class=\"elementor-section elementor-top-section elementor-element elementor-element-aa11e80 wd-section-stretch elementor-section-boxed elementor-section-height-default elementor-section-height-default\" data-id=\"aa11e80\" data-element_type=\"section\" data-settings=\"{&quot;background_background&quot;:&quot;classic&quot;}\">\n\t\t\t\t\t\t\t<div class=\"elementor-background-overlay\"><\/div>\n\t\t\t\t\t\t\t<div class=\"elementor-container elementor-column-gap-default\">\n\t\t\t\t\t<div class=\"elementor-column elementor-col-100 elementor-top-column elementor-element elementor-element-19f19773\" data-id=\"19f19773\" data-element_type=\"column\">\n\t\t\t<div class=\"elementor-widget-wrap elementor-element-populated\">\n\t\t\t\t\t\t<div class=\"elementor-element elementor-element-158ea78f color-scheme-inherit text-left elementor-widget elementor-widget-text-editor\" data-id=\"158ea78f\" data-element_type=\"widget\" data-widget_type=\"text-editor.default\">\n\t\t\t\t<div class=\"elementor-widget-container\">\n\t\t\t\t\t\t\t\t\tWir bieten Ihnen umfassende SEO-L\u00f6sungen, die auf Ihre individuellen Gesch\u00e4ftsanforderungen zugeschnitten sind. Unser sorgf\u00e4ltiger Ansatz deckt alle Aspekte der Suchmaschinenoptimierung ab und sorgt daf\u00fcr, dass Ihre Website nicht nur ein h\u00f6heres Ranking erzielt, sondern auch der Konkurrenz immer einen Schritt voraus ist.\t\t\t\t\t\t\t\t<\/div>\n\t\t\t\t<\/div>\n\t\t\t\t<div class=\"elementor-element elementor-element-4a3ffb7a elementor-widget elementor-widget-heading\" data-id=\"4a3ffb7a\" data-element_type=\"widget\" data-widget_type=\"heading.default\">\n\t\t\t\t<div class=\"elementor-widget-container\">\n\t\t\t\t\t<h2 class=\"elementor-heading-title elementor-size-default\">Unsere SEO-Optimierungsdienste umfassen:<\/h2>\t\t\t\t<\/div>\n\t\t\t\t<\/div>\n\t\t\t\t<div class=\"elementor-element elementor-element-9fc53d7 elementor-widget-divider--view-line elementor-widget elementor-widget-divider\" data-id=\"9fc53d7\" data-element_type=\"widget\" data-widget_type=\"divider.default\">\n\t\t\t\t<div class=\"elementor-widget-container\">\n\t\t\t\t\t\t\t<div class=\"elementor-divider\">\n\t\t\t<span class=\"elementor-divider-separator\">\n\t\t\t\t\t\t<\/span>\n\t\t<\/div>\n\t\t\t\t\t\t<\/div>\n\t\t\t\t<\/div>\n\t\t\t\t<div class=\"elementor-element elementor-element-68cd1ec0 elementor-widget elementor-widget-heading\" data-id=\"68cd1ec0\" data-element_type=\"widget\" data-widget_type=\"heading.default\">\n\t\t\t\t<div class=\"elementor-widget-container\">\n\t\t\t\t\t<h4 class=\"elementor-heading-title elementor-size-default\">Keyword-Analyse:<\/h4>\t\t\t\t<\/div>\n\t\t\t\t<\/div>\n\t\t\t\t<div class=\"elementor-element elementor-element-4de6ad1a color-scheme-inherit text-left elementor-widget elementor-widget-text-editor\" data-id=\"4de6ad1a\" data-element_type=\"widget\" data-widget_type=\"text-editor.default\">\n\t\t\t\t<div class=\"elementor-widget-container\">\n\t\t\t\t\t\t\t\t\tNutzen Sie die Macht strategischer Keywords, um Ihre Online-Sichtbarkeit zu steigern. Unsere detaillierte Keyword-Analyse identifiziert die relevantesten und leistungsst\u00e4rksten Keywords f\u00fcr Ihr Unternehmen.\t\t\t\t\t\t\t\t<\/div>\n\t\t\t\t<\/div>\n\t\t\t\t<div class=\"elementor-element elementor-element-3030c890 elementor-widget elementor-widget-heading\" data-id=\"3030c890\" data-element_type=\"widget\" data-widget_type=\"heading.default\">\n\t\t\t\t<div class=\"elementor-widget-container\">\n\t\t\t\t\t<h4 class=\"elementor-heading-title elementor-size-default\">HTML-Meta-Tags:<\/h4>\t\t\t\t<\/div>\n\t\t\t\t<\/div>\n\t\t\t\t<div class=\"elementor-element elementor-element-5ff0b09d color-scheme-inherit text-left elementor-widget elementor-widget-text-editor\" data-id=\"5ff0b09d\" data-element_type=\"widget\" data-widget_type=\"text-editor.default\">\n\t\t\t\t<div class=\"elementor-widget-container\">\n\t\t\t\t\t\t\t\t\tUnsere Experten erstellen Meta-Tags, die die Sprache der Suchmaschinen sprechen, und optimieren Ihre HTML-Meta-Tags, um die Auffindbarkeit und Relevanz Ihrer Inhalte zu verbessern.\t\t\t\t\t\t\t\t<\/div>\n\t\t\t\t<\/div>\n\t\t\t\t<div class=\"elementor-element elementor-element-1bc60e66 elementor-widget elementor-widget-heading\" data-id=\"1bc60e66\" data-element_type=\"widget\" data-widget_type=\"heading.default\">\n\t\t\t\t<div class=\"elementor-widget-container\">\n\t\t\t\t\t<h4 class=\"elementor-heading-title elementor-size-default\">Titel und Backlinking:<\/h4>\t\t\t\t<\/div>\n\t\t\t\t<\/div>\n\t\t\t\t<div class=\"elementor-element elementor-element-263f3880 color-scheme-inherit text-left elementor-widget elementor-widget-text-editor\" data-id=\"263f3880\" data-element_type=\"widget\" data-widget_type=\"text-editor.default\">\n\t\t\t\t<div class=\"elementor-widget-container\">\n\t\t\t\t\t\t\t\t\tWir optimieren die Titel Ihrer Website f\u00fcr maximale Wirkung und setzen effektive Backlinking-Strategien ein, um Ihre Online-Autorit\u00e4t zu etablieren.\t\t\t\t\t\t\t\t<\/div>\n\t\t\t\t<\/div>\n\t\t\t\t<div class=\"elementor-element elementor-element-45150b89 elementor-widget elementor-widget-heading\" data-id=\"45150b89\" data-element_type=\"widget\" data-widget_type=\"heading.default\">\n\t\t\t\t<div class=\"elementor-widget-container\">\n\t\t\t\t\t<h4 class=\"elementor-heading-title elementor-size-default\">Foto- und Videooptimierung:<\/h4>\t\t\t\t<\/div>\n\t\t\t\t<\/div>\n\t\t\t\t<div class=\"elementor-element elementor-element-5754bff color-scheme-inherit text-left elementor-widget elementor-widget-text-editor\" data-id=\"5754bff\" data-element_type=\"widget\" data-widget_type=\"text-editor.default\">\n\t\t\t\t<div class=\"elementor-widget-container\">\n\t\t\t\t\t\t\t\t\tFesseln Sie Ihr Publikum mit visuell beeindruckenden Inhalten. Unsere Optimierungstechniken sorgen daf\u00fcr, dass Ihre Bilder und Videos zu einem nahtlosen und ansprechenden Benutzererlebnis beitragen.\t\t\t\t\t\t\t\t<\/div>\n\t\t\t\t<\/div>\n\t\t\t\t<div class=\"elementor-element elementor-element-739d0900 elementor-widget elementor-widget-heading\" data-id=\"739d0900\" data-element_type=\"widget\" data-widget_type=\"heading.default\">\n\t\t\t\t<div class=\"elementor-widget-container\">\n\t\t\t\t\t<h4 class=\"elementor-heading-title elementor-size-default\">HTML-Header-Tags:<\/h4>\t\t\t\t<\/div>\n\t\t\t\t<\/div>\n\t\t\t\t<div class=\"elementor-element elementor-element-481a8f38 color-scheme-inherit text-left elementor-widget elementor-widget-text-editor\" data-id=\"481a8f38\" data-element_type=\"widget\" data-widget_type=\"text-editor.default\">\n\t\t\t\t<div class=\"elementor-widget-container\">\n\t\t\t\t\t\t\t\t\tDurch die Strukturierung Ihrer Inhalte sowohl f\u00fcr Benutzer als auch f\u00fcr Suchmaschinen verbessert unsere HTML-Header-Tag-Optimierung die Lesbarkeit und das Verst\u00e4ndnis f\u00fcr Suchmaschinen.\t\t\t\t\t\t\t\t<\/div>\n\t\t\t\t<\/div>\n\t\t\t\t<div class=\"elementor-element elementor-element-106af68e elementor-widget elementor-widget-heading\" data-id=\"106af68e\" data-element_type=\"widget\" data-widget_type=\"heading.default\">\n\t\t\t\t<div class=\"elementor-widget-container\">\n\t\t\t\t\t<h4 class=\"elementor-heading-title elementor-size-default\">Website-Struktur:<\/h4>\t\t\t\t<\/div>\n\t\t\t\t<\/div>\n\t\t\t\t<div class=\"elementor-element elementor-element-36c54b8a color-scheme-inherit text-left elementor-widget elementor-widget-text-editor\" data-id=\"36c54b8a\" data-element_type=\"widget\" data-widget_type=\"text-editor.default\">\n\t\t\t\t<div class=\"elementor-widget-container\">\n\t\t\t\t\t\t\t\t\tEine gut organisierte Website ist entscheidend f\u00fcr die Nutzerzufriedenheit und die Sichtbarkeit in Suchmaschinen. Wir optimieren Ihre Website-Struktur f\u00fcr optimale Performance.\t\t\t\t\t\t\t\t<\/div>\n\t\t\t\t<\/div>\n\t\t\t\t<div class=\"elementor-element elementor-element-1debeae elementor-widget elementor-widget-heading\" data-id=\"1debeae\" data-element_type=\"widget\" data-widget_type=\"heading.default\">\n\t\t\t\t<div class=\"elementor-widget-container\">\n\t\t\t\t\t<h4 class=\"elementor-heading-title elementor-size-default\">Inhalts- und Keyword-Recherche:<\/h4>\t\t\t\t<\/div>\n\t\t\t\t<\/div>\n\t\t\t\t<div class=\"elementor-element elementor-element-388ad44 color-scheme-inherit text-left elementor-widget elementor-widget-text-editor\" data-id=\"388ad44\" data-element_type=\"widget\" data-widget_type=\"text-editor.default\">\n\t\t\t\t<div class=\"elementor-widget-container\">\n\t\t\t\t\t\t\t\t\tErstellen Sie \u00fcberzeugende Inhalte, die Ihr Publikum ansprechen. Unsere gr\u00fcndliche Inhalts- und Keyword-Recherche stellt sicher, dass Ihre Botschaften den Nutzerabsichten entsprechen.\t\t\t\t\t\t\t\t<\/div>\n\t\t\t\t<\/div>\n\t\t\t\t<div class=\"elementor-element elementor-element-ecdebf5 elementor-widget elementor-widget-heading\" data-id=\"ecdebf5\" data-element_type=\"widget\" data-widget_type=\"heading.default\">\n\t\t\t\t<div class=\"elementor-widget-container\">\n\t\t\t\t\t<h4 class=\"elementor-heading-title elementor-size-default\">Soziale Signale:<\/h4>\t\t\t\t<\/div>\n\t\t\t\t<\/div>\n\t\t\t\t<div class=\"elementor-element elementor-element-3647683 color-scheme-inherit text-left elementor-widget elementor-widget-text-editor\" data-id=\"3647683\" data-element_type=\"widget\" data-widget_type=\"text-editor.default\">\n\t\t\t\t<div class=\"elementor-widget-container\">\n\t\t\t\t\t\t\t\t\tNutzen Sie die Macht der sozialen Medien. Unsere Experten optimieren Ihre sozialen Signale, um Ihre Online-Pr\u00e4senz zu verst\u00e4rken und eine starke Pr\u00e4senz in den sozialen Medien aufzubauen.\t\t\t\t\t\t\t\t<\/div>\n\t\t\t\t<\/div>\n\t\t\t\t<div class=\"elementor-element elementor-element-6b76137 elementor-widget elementor-widget-heading\" data-id=\"6b76137\" data-element_type=\"widget\" data-widget_type=\"heading.default\">\n\t\t\t\t<div class=\"elementor-widget-container\">\n\t\t\t\t\t<h4 class=\"elementor-heading-title elementor-size-default\">Ladegeschwindigkeit:<\/h4>\t\t\t\t<\/div>\n\t\t\t\t<\/div>\n\t\t\t\t<div class=\"elementor-element elementor-element-e36c27a color-scheme-inherit text-left elementor-widget elementor-widget-text-editor\" data-id=\"e36c27a\" data-element_type=\"widget\" data-widget_type=\"text-editor.default\">\n\t\t\t\t<div class=\"elementor-widget-container\">\n\t\t\t\t\t\t\t\t\tIn der schnelllebigen digitalen Welt z\u00e4hlt jede Sekunde. Wir optimieren die Ladegeschwindigkeit Ihrer Website f\u00fcr ein verbessertes Nutzererlebnis und bessere Suchmaschinen-Rankings.\t\t\t\t\t\t\t\t<\/div>\n\t\t\t\t<\/div>\n\t\t\t\t<div class=\"elementor-element elementor-element-f49025a elementor-widget elementor-widget-heading\" data-id=\"f49025a\" data-element_type=\"widget\" data-widget_type=\"heading.default\">\n\t\t\t\t<div class=\"elementor-widget-container\">\n\t\t\t\t\t<h2 class=\"elementor-heading-title elementor-size-default\">Warum Swiss Pixel w\u00e4hlen?<\/h2>\t\t\t\t<\/div>\n\t\t\t\t<\/div>\n\t\t\t\t<div class=\"elementor-element elementor-element-009b7d4 elementor-widget-divider--view-line elementor-widget elementor-widget-divider\" data-id=\"009b7d4\" data-element_type=\"widget\" data-widget_type=\"divider.default\">\n\t\t\t\t<div class=\"elementor-widget-container\">\n\t\t\t\t\t\t\t<div class=\"elementor-divider\">\n\t\t\t<span class=\"elementor-divider-separator\">\n\t\t\t\t\t\t<\/span>\n\t\t<\/div>\n\t\t\t\t\t\t<\/div>\n\t\t\t\t<\/div>\n\t\t\t\t<div class=\"elementor-element elementor-element-ebfb5cf elementor-widget elementor-widget-heading\" data-id=\"ebfb5cf\" data-element_type=\"widget\" data-widget_type=\"heading.default\">\n\t\t\t\t<div class=\"elementor-widget-container\">\n\t\t\t\t\t<h4 class=\"elementor-heading-title elementor-size-default\">Nachgewiesene Expertise: <\/h4>\t\t\t\t<\/div>\n\t\t\t\t<\/div>\n\t\t\t\t<div class=\"elementor-element elementor-element-36a99b8 color-scheme-inherit text-left elementor-widget elementor-widget-text-editor\" data-id=\"36a99b8\" data-element_type=\"widget\" data-widget_type=\"text-editor.default\">\n\t\t\t\t<div class=\"elementor-widget-container\">\n\t\t\t\t\t\t\t\t\tUnser Team aus erfahrenen Fachleuten verf\u00fcgt \u00fcber jahrelange Erfahrung und eine nachgewiesene Erfolgsbilanz bei der Durchf\u00fchrung erfolgreicher SEO-Kampagnen.\t\t\t\t\t\t\t\t<\/div>\n\t\t\t\t<\/div>\n\t\t\t\t<div class=\"elementor-element elementor-element-5b976cd elementor-widget elementor-widget-heading\" data-id=\"5b976cd\" data-element_type=\"widget\" data-widget_type=\"heading.default\">\n\t\t\t\t<div class=\"elementor-widget-container\">\n\t\t\t\t\t<h4 class=\"elementor-heading-title elementor-size-default\">Ma\u00dfgeschneiderte L\u00f6sungen: <\/h4>\t\t\t\t<\/div>\n\t\t\t\t<\/div>\n\t\t\t\t<div class=\"elementor-element elementor-element-8114866 color-scheme-inherit text-left elementor-widget elementor-widget-text-editor\" data-id=\"8114866\" data-element_type=\"widget\" data-widget_type=\"text-editor.default\">\n\t\t\t\t<div class=\"elementor-widget-container\">\n\t\t\t\t\t\t\t\t\tWir wissen, dass jedes Unternehmen einzigartig ist. Unsere ma\u00dfgeschneiderten L\u00f6sungen stellen sicher, dass Ihre SEO-Strategie perfekt auf Ihre Gesch\u00e4ftsziele abgestimmt ist.\t\t\t\t\t\t\t\t<\/div>\n\t\t\t\t<\/div>\n\t\t\t\t<div class=\"elementor-element elementor-element-294dff5 elementor-widget elementor-widget-heading\" data-id=\"294dff5\" data-element_type=\"widget\" data-widget_type=\"heading.default\">\n\t\t\t\t<div class=\"elementor-widget-container\">\n\t\t\t\t\t<h4 class=\"elementor-heading-title elementor-size-default\">Transparente Kommunikation: <\/h4>\t\t\t\t<\/div>\n\t\t\t\t<\/div>\n\t\t\t\t<div class=\"elementor-element elementor-element-86d5961 color-scheme-inherit text-left elementor-widget elementor-widget-text-editor\" data-id=\"86d5961\" data-element_type=\"widget\" data-widget_type=\"text-editor.default\">\n\t\t\t\t<div class=\"elementor-widget-container\">\n\t\t\t\t\t\t\t\t\tWir legen Wert auf offene und transparente Kommunikation. Sie werden in jeder Phase des Optimierungsprozesses auf dem Laufenden gehalten.\t\t\t\t\t\t\t\t<\/div>\n\t\t\t\t<\/div>\n\t\t\t\t<div class=\"elementor-element elementor-element-785d5bcb color-scheme-inherit text-left elementor-widget elementor-widget-text-editor\" data-id=\"785d5bcb\" data-element_type=\"widget\" data-widget_type=\"text-editor.default\">\n\t\t\t\t<div class=\"elementor-widget-container\">\n\t\t\t\t\t\t\t\t\tSteigern Sie Ihre Online-Pr\u00e4senz mit [Name Ihres Unternehmens]. Lassen Sie uns gemeinsam auf die Reise zum digitalen Erfolg gehen!\t\t\t\t\t\t\t\t<\/div>\n\t\t\t\t<\/div>\n\t\t\t\t<div class=\"elementor-element elementor-element-e5a7259 color-scheme-inherit text-left elementor-widget elementor-widget-text-editor\" data-id=\"e5a7259\" data-element_type=\"widget\" data-widget_type=\"text-editor.default\">\n\t\t\t\t<div class=\"elementor-widget-container\">\n\t\t\t\t\t\t\t\t\tKontaktieren Sie uns noch heute, um zu besprechen, wie wir unsere SEO-Optimierungsdienste anpassen k\u00f6nnen, um ein beispielloses Wachstum f\u00fcr Ihr Unternehmen zu erzielen.\t\t\t\t\t\t\t\t<\/div>\n\t\t\t\t<\/div>\n\t\t\t\t<div class=\"elementor-element elementor-element-24a4c4a elementor-widget elementor-widget-button\" data-id=\"24a4c4a\" data-element_type=\"widget\" data-widget_type=\"button.default\">\n\t\t\t\t<div class=\"elementor-widget-container\">\n\t\t\t\t\t\t\t\t\t<div class=\"elementor-button-wrapper\">\n\t\t\t\t\t<a class=\"elementor-button elementor-button-link elementor-size-sm\" href=\"https:\/\/swiss-pixel.com\/de\/#ourcontact\">\n\t\t\t\t\t\t<span class=\"elementor-button-content-wrapper\">\n\t\t\t\t\t\t\t\t\t<span class=\"elementor-button-text\">KONTAKTIEREN SIE UNS<\/span>\n\t\t\t\t\t<\/span>\n\t\t\t\t\t<\/a>\n\t\t\t\t<\/div>\n\t\t\t\t\t\t\t\t<\/div>\n\t\t\t\t<\/div>\n\t\t\t\t<div class=\"elementor-element elementor-element-65d371c2 elementor-widget elementor-widget-spacer\" data-id=\"65d371c2\" data-element_type=\"widget\" data-widget_type=\"spacer.default\">\n\t\t\t\t<div class=\"elementor-widget-container\">\n\t\t\t\t\t\t\t<div class=\"elementor-spacer\">\n\t\t\t<div class=\"elementor-spacer-inner\"><\/div>\n\t\t<\/div>\n\t\t\t\t\t\t<\/div>\n\t\t\t\t<\/div>\n\t\t\t\t\t<\/div>\n\t\t<\/div>\n\t\t\t\t\t<\/div>\n\t\t<\/section>\n\t\t\t\t<\/div>","protected":false},"excerpt":{"rendered":"<p>Wir gehen \u00fcber das \u00dcbliche hinaus und liefern umfassende SEO-L\u00f6sungen, die auf Ihre individuellen Gesch\u00e4ftsanforderungen zugeschnitten sind. Unser sorgf\u00e4ltiger Ansatz umfasst<\/p>","protected":false},"author":1,"featured_media":0,"parent":0,"menu_order":0,"comment_status":"closed","ping_status":"closed","template":"","meta":{"_acf_changed":false,"footnotes":""},"class_list":["post-3794","page","type-page","status-publish","hentry"],"acf":[],"_links":{"self":[{"href":"https:\/\/swiss-pixel.com\/de\/wp-json\/wp\/v2\/pages\/3794","targetHints":{"allow":["GET"]}}],"collection":[{"href":"https:\/\/swiss-pixel.com\/de\/wp-json\/wp\/v2\/pages"}],"about":[{"href":"https:\/\/swiss-pixel.com\/de\/wp-json\/wp\/v2\/types\/page"}],"author":[{"embeddable":true,"href":"https:\/\/swiss-pixel.com\/de\/wp-json\/wp\/v2\/users\/1"}],"replies":[{"embeddable":true,"href":"https:\/\/swiss-pixel.com\/de\/wp-json\/wp\/v2\/comments?post=3794"}],"version-history":[{"count":0,"href":"https:\/\/swiss-pixel.com\/de\/wp-json\/wp\/v2\/pages\/3794\/revisions"}],"wp:attachment":[{"href":"https:\/\/swiss-pixel.com\/de\/wp-json\/wp\/v2\/media?parent=3794"}],"curies":[{"name":"wp","href":"https:\/\/api.w.org\/{rel}","templated":true}]}}