{"id":3792,"date":"2024-01-19T16:29:43","date_gmt":"2024-01-19T15:29:43","guid":{"rendered":"https:\/\/swiss-pixel.com\/?page_id=3792"},"modified":"2024-01-28T20:11:33","modified_gmt":"2024-01-28T19:11:33","slug":"paid-advertising","status":"publish","type":"page","link":"https:\/\/swiss-pixel.com\/de\/paid-advertising\/","title":{"rendered":"Bezahlte Werbung"},"content":{"rendered":"<div data-elementor-type=\"wp-page\" data-elementor-id=\"3792\" class=\"elementor elementor-3792\" data-elementor-post-type=\"page\">\n\t\t\t\t\t\t<section class=\"elementor-section elementor-top-section elementor-element elementor-element-715fa820 elementor-section-height-min-height wd-section-stretch elementor-section-content-bottom elementor-section-items-bottom elementor-section-boxed elementor-section-height-default\" data-id=\"715fa820\" data-element_type=\"section\" data-settings=\"{&quot;background_background&quot;:&quot;classic&quot;}\">\n\t\t\t\t\t\t<div class=\"elementor-container elementor-column-gap-wide\">\n\t\t\t\t\t<div class=\"elementor-column elementor-col-50 elementor-top-column elementor-element elementor-element-1794e41c\" data-id=\"1794e41c\" data-element_type=\"column\">\n\t\t\t<div class=\"elementor-widget-wrap elementor-element-populated\">\n\t\t\t\t\t\t<div class=\"elementor-element elementor-element-66e997ce elementor-widget elementor-widget-heading\" data-id=\"66e997ce\" data-element_type=\"widget\" data-widget_type=\"heading.default\">\n\t\t\t\t<div class=\"elementor-widget-container\">\n\t\t\t\t\t<h1 class=\"elementor-heading-title elementor-size-default\">Bezahlte Werbung<\/h1>\t\t\t\t<\/div>\n\t\t\t\t<\/div>\n\t\t\t\t\t<\/div>\n\t\t<\/div>\n\t\t\t\t<div class=\"elementor-column elementor-col-50 elementor-top-column elementor-element elementor-element-79f07418\" data-id=\"79f07418\" data-element_type=\"column\">\n\t\t\t<div class=\"elementor-widget-wrap\">\n\t\t\t\t\t\t\t<\/div>\n\t\t<\/div>\n\t\t\t\t\t<\/div>\n\t\t<\/section>\n\t\t\t\t<section class=\"elementor-section elementor-top-section elementor-element elementor-element-21692115 wd-section-stretch elementor-section-boxed elementor-section-height-default elementor-section-height-default\" data-id=\"21692115\" data-element_type=\"section\" data-settings=\"{&quot;background_background&quot;:&quot;classic&quot;}\">\n\t\t\t\t\t\t\t<div class=\"elementor-background-overlay\"><\/div>\n\t\t\t\t\t\t\t<div class=\"elementor-container elementor-column-gap-default\">\n\t\t\t\t\t<div class=\"elementor-column elementor-col-100 elementor-top-column elementor-element elementor-element-6e6c32eb\" data-id=\"6e6c32eb\" data-element_type=\"column\">\n\t\t\t<div class=\"elementor-widget-wrap elementor-element-populated\">\n\t\t\t\t\t\t<div class=\"elementor-element elementor-element-436032b6 color-scheme-inherit text-left elementor-widget elementor-widget-text-editor\" data-id=\"436032b6\" data-element_type=\"widget\" data-widget_type=\"text-editor.default\">\n\t\t\t\t<div class=\"elementor-widget-container\">\n\t\t\t\t\t\t\t\t\tSwiss Pixel, Ihre erste Adresse f\u00fcr ergebnisorientierte digitale Marketingl\u00f6sungen. Als f\u00fchrende Digitalmarketingagentur sind wir spezialisiert auf ma\u00dfgeschneiderte und wirkungsvolle Dienstleistungen zur Steigerung der Online-Pr\u00e4senz Ihrer Marke. Unsere Kernkompetenz liegt in der bezahlten Werbung mit Schwerpunkt auf Google Ads und Instagram Targeting. Mit uns erhalten Sie nicht nur einen Service, sondern einen strategischen Partner, der Ihren digitalen Erfolg maximiert.\t\t\t\t\t\t\t\t<\/div>\n\t\t\t\t<\/div>\n\t\t\t\t<div class=\"elementor-element elementor-element-57c6dac7 elementor-widget elementor-widget-heading\" data-id=\"57c6dac7\" data-element_type=\"widget\" data-widget_type=\"heading.default\">\n\t\t\t\t<div class=\"elementor-widget-container\">\n\t\t\t\t\t<h2 class=\"elementor-heading-title elementor-size-default\">Unsere umfassenden kostenpflichtigen Werbedienste umfassen:<\/h2>\t\t\t\t<\/div>\n\t\t\t\t<\/div>\n\t\t\t\t<div class=\"elementor-element elementor-element-6be87c5d elementor-widget-divider--view-line elementor-widget elementor-widget-divider\" data-id=\"6be87c5d\" data-element_type=\"widget\" data-widget_type=\"divider.default\">\n\t\t\t\t<div class=\"elementor-widget-container\">\n\t\t\t\t\t\t\t<div class=\"elementor-divider\">\n\t\t\t<span class=\"elementor-divider-separator\">\n\t\t\t\t\t\t<\/span>\n\t\t<\/div>\n\t\t\t\t\t\t<\/div>\n\t\t\t\t<\/div>\n\t\t\t\t<div class=\"elementor-element elementor-element-17382ffd elementor-widget elementor-widget-heading\" data-id=\"17382ffd\" data-element_type=\"widget\" data-widget_type=\"heading.default\">\n\t\t\t\t<div class=\"elementor-widget-container\">\n\t\t\t\t\t<h4 class=\"elementor-heading-title elementor-size-default\">Strategieentwicklung:<\/h4>\t\t\t\t<\/div>\n\t\t\t\t<\/div>\n\t\t\t\t<div class=\"elementor-element elementor-element-64e56e24 color-scheme-inherit text-left elementor-widget elementor-widget-text-editor\" data-id=\"64e56e24\" data-element_type=\"widget\" data-widget_type=\"text-editor.default\">\n\t\t\t\t<div class=\"elementor-widget-container\">\n\t\t\t\t\t\t\t\t\tUnsere erfahrenen Experten entwickeln eine ma\u00dfgeschneiderte digitale Marketingstrategie, die auf Ihre Gesch\u00e4ftsziele abgestimmt ist. Wir nutzen unsere Branchenkenntnisse, um einen Fahrplan f\u00fcr Ihren Erfolg zu erstellen.\t\t\t\t\t\t\t\t<\/div>\n\t\t\t\t<\/div>\n\t\t\t\t<div class=\"elementor-element elementor-element-24ad9afd elementor-widget elementor-widget-heading\" data-id=\"24ad9afd\" data-element_type=\"widget\" data-widget_type=\"heading.default\">\n\t\t\t\t<div class=\"elementor-widget-container\">\n\t\t\t\t\t<h4 class=\"elementor-heading-title elementor-size-default\">Wettbewerbsanalyse:<\/h4>\t\t\t\t<\/div>\n\t\t\t\t<\/div>\n\t\t\t\t<div class=\"elementor-element elementor-element-d30bfca color-scheme-inherit text-left elementor-widget elementor-widget-text-editor\" data-id=\"d30bfca\" data-element_type=\"widget\" data-widget_type=\"text-editor.default\">\n\t\t\t\t<div class=\"elementor-widget-container\">\n\t\t\t\t\t\t\t\t\tBleiben Sie mit einer detaillierten Wettbewerbsanalyse immer einen Schritt voraus. Wir analysieren Markttrends und Wettbewerbsstrategien, um sicherzustellen, dass Ihre Kampagnen in der digitalen Landschaft hervorstechen.\t\t\t\t\t\t\t\t<\/div>\n\t\t\t\t<\/div>\n\t\t\t\t<div class=\"elementor-element elementor-element-192af752 elementor-widget elementor-widget-heading\" data-id=\"192af752\" data-element_type=\"widget\" data-widget_type=\"heading.default\">\n\t\t\t\t<div class=\"elementor-widget-container\">\n\t\t\t\t\t<h4 class=\"elementor-heading-title elementor-size-default\">Kreatives Schaffen:<\/h4>\t\t\t\t<\/div>\n\t\t\t\t<\/div>\n\t\t\t\t<div class=\"elementor-element elementor-element-71a1c8b9 color-scheme-inherit text-left elementor-widget elementor-widget-text-editor\" data-id=\"71a1c8b9\" data-element_type=\"widget\" data-widget_type=\"text-editor.default\">\n\t\t\t\t<div class=\"elementor-widget-container\">\n\t\t\t\t\t\t\t\t\tFesseln Sie Ihr Publikum mit visuell beeindruckenden Kreativinhalten. Unser Team ist Experte f\u00fcr die Erstellung ansprechender Inhalte, die Ihre Zielgruppe ansprechen und daf\u00fcr sorgen, dass Ihre Marke im Ged\u00e4chtnis bleibt.\t\t\t\t\t\t\t\t<\/div>\n\t\t\t\t<\/div>\n\t\t\t\t<div class=\"elementor-element elementor-element-190c0bf1 elementor-widget elementor-widget-heading\" data-id=\"190c0bf1\" data-element_type=\"widget\" data-widget_type=\"heading.default\">\n\t\t\t\t<div class=\"elementor-widget-container\">\n\t\t\t\t\t<h4 class=\"elementor-heading-title elementor-size-default\">Exzellenz im Texten:<\/h4>\t\t\t\t<\/div>\n\t\t\t\t<\/div>\n\t\t\t\t<div class=\"elementor-element elementor-element-72540fb4 color-scheme-inherit text-left elementor-widget elementor-widget-text-editor\" data-id=\"72540fb4\" data-element_type=\"widget\" data-widget_type=\"text-editor.default\">\n\t\t\t\t<div class=\"elementor-widget-container\">\n\t\t\t\t\t\t\t\t\tWorte sind wichtig. Wir sind spezialisiert auf die Erstellung \u00fcberzeugender Werbetexte, die nicht nur informieren, sondern auch \u00fcberzeugen, Conversions f\u00f6rdern und eine dauerhafte Verbindung zu Ihrem Publikum aufbauen.\t\t\t\t\t\t\t\t<\/div>\n\t\t\t\t<\/div>\n\t\t\t\t<div class=\"elementor-element elementor-element-68c195a elementor-widget elementor-widget-heading\" data-id=\"68c195a\" data-element_type=\"widget\" data-widget_type=\"heading.default\">\n\t\t\t\t<div class=\"elementor-widget-container\">\n\t\t\t\t\t<h4 class=\"elementor-heading-title elementor-size-default\">Business Manager-Setup:<\/h4>\t\t\t\t<\/div>\n\t\t\t\t<\/div>\n\t\t\t\t<div class=\"elementor-element elementor-element-3b2f3b33 color-scheme-inherit text-left elementor-widget elementor-widget-text-editor\" data-id=\"3b2f3b33\" data-element_type=\"widget\" data-widget_type=\"text-editor.default\">\n\t\t\t\t<div class=\"elementor-widget-container\">\n\t\t\t\t\t\t\t\t\tOptimieren Sie Ihre Abl\u00e4ufe mit der nahtlosen Erstellung und Einrichtung eines Business Managers. Wir sorgen daf\u00fcr, dass Ihre Werbekonten organisiert und f\u00fcr maximale Effizienz optimiert sind.\t\t\t\t\t\t\t\t<\/div>\n\t\t\t\t<\/div>\n\t\t\t\t<div class=\"elementor-element elementor-element-3cc7873a elementor-widget elementor-widget-heading\" data-id=\"3cc7873a\" data-element_type=\"widget\" data-widget_type=\"heading.default\">\n\t\t\t\t<div class=\"elementor-widget-container\">\n\t\t\t\t\t<h4 class=\"elementor-heading-title elementor-size-default\">Werbestart:<\/h4>\t\t\t\t<\/div>\n\t\t\t\t<\/div>\n\t\t\t\t<div class=\"elementor-element elementor-element-1ebe1f59 color-scheme-inherit text-left elementor-widget elementor-widget-text-editor\" data-id=\"1ebe1f59\" data-element_type=\"widget\" data-widget_type=\"text-editor.default\">\n\t\t\t\t<div class=\"elementor-widget-container\">\n\t\t\t\t\t\t\t\t\tErleben Sie, wie Ihre Kampagnen mit einem sorgf\u00e4ltig geplanten und durchgef\u00fchrten Start zum Leben erwachen. Wir k\u00fcmmern uns um jeden Aspekt, um einen reibungslosen und wirkungsvollen Start bei Ihrer Zielgruppe zu gew\u00e4hrleisten.\t\t\t\t\t\t\t\t<\/div>\n\t\t\t\t<\/div>\n\t\t\t\t<div class=\"elementor-element elementor-element-0d92060 elementor-widget elementor-widget-heading\" data-id=\"0d92060\" data-element_type=\"widget\" data-widget_type=\"heading.default\">\n\t\t\t\t<div class=\"elementor-widget-container\">\n\t\t\t\t\t<h4 class=\"elementor-heading-title elementor-size-default\">Erweiterte Analysen:<\/h4>\t\t\t\t<\/div>\n\t\t\t\t<\/div>\n\t\t\t\t<div class=\"elementor-element elementor-element-4819140 color-scheme-inherit text-left elementor-widget elementor-widget-text-editor\" data-id=\"4819140\" data-element_type=\"widget\" data-widget_type=\"text-editor.default\">\n\t\t\t\t<div class=\"elementor-widget-container\">\n\t\t\t\t\t\t\t\t\tGewinnen Sie wertvolle Einblicke in die Leistung Ihrer Kampagnen. Unsere fortschrittlichen Analysetools liefern Echtzeitdaten und erm\u00f6glichen Ihnen fundierte Entscheidungen und Anpassungen.\t\t\t\t\t\t\t\t<\/div>\n\t\t\t\t<\/div>\n\t\t\t\t<div class=\"elementor-element elementor-element-7ba4c35 elementor-widget elementor-widget-heading\" data-id=\"7ba4c35\" data-element_type=\"widget\" data-widget_type=\"heading.default\">\n\t\t\t\t<div class=\"elementor-widget-container\">\n\t\t\t\t\t<h4 class=\"elementor-heading-title elementor-size-default\">Kontinuierliche Optimierung:<\/h4>\t\t\t\t<\/div>\n\t\t\t\t<\/div>\n\t\t\t\t<div class=\"elementor-element elementor-element-69a1030 color-scheme-inherit text-left elementor-widget elementor-widget-text-editor\" data-id=\"69a1030\" data-element_type=\"widget\" data-widget_type=\"text-editor.default\">\n\t\t\t\t<div class=\"elementor-widget-container\">\n\t\t\t\t\t\t\t\t\tWir geben uns nicht mit Mittelm\u00e4\u00dfigkeit zufrieden. Unser Team verfeinert Ihre Kampagnen kontinuierlich und optimiert sie f\u00fcr bessere Ergebnisse. Bleiben Sie mit unserem proaktiven Ansatz in der sich st\u00e4ndig weiterentwickelnden digitalen Landschaft agil.\t\t\t\t\t\t\t\t<\/div>\n\t\t\t\t<\/div>\n\t\t\t\t<div class=\"elementor-element elementor-element-19d01ba elementor-widget elementor-widget-heading\" data-id=\"19d01ba\" data-element_type=\"widget\" data-widget_type=\"heading.default\">\n\t\t\t\t<div class=\"elementor-widget-container\">\n\t\t\t\t\t<h4 class=\"elementor-heading-title elementor-size-default\">Detaillierte Berichterstattung:<\/h4>\t\t\t\t<\/div>\n\t\t\t\t<\/div>\n\t\t\t\t<div class=\"elementor-element elementor-element-0a1e6ea color-scheme-inherit text-left elementor-widget elementor-widget-text-editor\" data-id=\"0a1e6ea\" data-element_type=\"widget\" data-widget_type=\"text-editor.default\">\n\t\t\t\t<div class=\"elementor-widget-container\">\n\t\t\t\t\t\t\t\t\tTransparenz ist entscheidend. Erhalten Sie detaillierte Berichte zur Leistung Ihrer Kampagnen. Verstehen Sie die Wirkung unserer Bem\u00fchungen und verfolgen Sie Ihren Return on Investment.\t\t\t\t\t\t\t\t<\/div>\n\t\t\t\t<\/div>\n\t\t\t\t<div class=\"elementor-element elementor-element-254c845d color-scheme-inherit text-left elementor-widget elementor-widget-text-editor\" data-id=\"254c845d\" data-element_type=\"widget\" data-widget_type=\"text-editor.default\">\n\t\t\t\t<div class=\"elementor-widget-container\">\n\t\t\t\t\t\t\t\t\tBei Swiss Pixel gehen wir \u00fcber konventionelles digitales Marketing hinaus. Wir sind Ihr engagierter Partner, der Sie durch die Komplexit\u00e4t der Online-Werbung f\u00fchrt. St\u00e4rken Sie Ihre Marke, erreichen Sie Ihre Zielgruppe und erzielen Sie beispiellosen Erfolg mit unseren umfassenden Paid-Advertising-Services.\t\t\t\t\t\t\t\t<\/div>\n\t\t\t\t<\/div>\n\t\t\t\t<div class=\"elementor-element elementor-element-97b5774 color-scheme-inherit text-left elementor-widget elementor-widget-text-editor\" data-id=\"97b5774\" data-element_type=\"widget\" data-widget_type=\"text-editor.default\">\n\t\t\t\t<div class=\"elementor-widget-container\">\n\t\t\t\t\t\t\t\t\tSind Sie bereit, Ihre digitale Pr\u00e4senz zu transformieren? Kontaktieren Sie uns noch heute f\u00fcr eine individuelle Beratung. Lassen Sie uns gemeinsam den Weg zur digitalen Exzellenz beschreiten.\t\t\t\t\t\t\t\t<\/div>\n\t\t\t\t<\/div>\n\t\t\t\t<div class=\"elementor-element elementor-element-7ca628ba elementor-widget elementor-widget-button\" data-id=\"7ca628ba\" data-element_type=\"widget\" data-widget_type=\"button.default\">\n\t\t\t\t<div class=\"elementor-widget-container\">\n\t\t\t\t\t\t\t\t\t<div class=\"elementor-button-wrapper\">\n\t\t\t\t\t<a class=\"elementor-button elementor-button-link elementor-size-sm\" href=\"https:\/\/swiss-pixel.com\/de\/#ourcontact\">\n\t\t\t\t\t\t<span class=\"elementor-button-content-wrapper\">\n\t\t\t\t\t\t\t\t\t<span class=\"elementor-button-text\">KONTAKTIEREN SIE UNS<\/span>\n\t\t\t\t\t<\/span>\n\t\t\t\t\t<\/a>\n\t\t\t\t<\/div>\n\t\t\t\t\t\t\t\t<\/div>\n\t\t\t\t<\/div>\n\t\t\t\t<div class=\"elementor-element elementor-element-3e88edf3 elementor-widget elementor-widget-spacer\" data-id=\"3e88edf3\" data-element_type=\"widget\" data-widget_type=\"spacer.default\">\n\t\t\t\t<div class=\"elementor-widget-container\">\n\t\t\t\t\t\t\t<div class=\"elementor-spacer\">\n\t\t\t<div class=\"elementor-spacer-inner\"><\/div>\n\t\t<\/div>\n\t\t\t\t\t\t<\/div>\n\t\t\t\t<\/div>\n\t\t\t\t\t<\/div>\n\t\t<\/div>\n\t\t\t\t\t<\/div>\n\t\t<\/section>\n\t\t\t\t<\/div>","protected":false},"excerpt":{"rendered":"<p>Swiss Pixel, Ihre erste Adresse f\u00fcr ergebnisorientierte digitale Marketingl\u00f6sungen. Als f\u00fchrende digitale Marketingagentur sind wir spezialisiert auf die Bereitstellung<\/p>","protected":false},"author":1,"featured_media":0,"parent":0,"menu_order":0,"comment_status":"closed","ping_status":"closed","template":"","meta":{"_acf_changed":false,"footnotes":""},"class_list":["post-3792","page","type-page","status-publish","hentry"],"acf":[],"_links":{"self":[{"href":"https:\/\/swiss-pixel.com\/de\/wp-json\/wp\/v2\/pages\/3792","targetHints":{"allow":["GET"]}}],"collection":[{"href":"https:\/\/swiss-pixel.com\/de\/wp-json\/wp\/v2\/pages"}],"about":[{"href":"https:\/\/swiss-pixel.com\/de\/wp-json\/wp\/v2\/types\/page"}],"author":[{"embeddable":true,"href":"https:\/\/swiss-pixel.com\/de\/wp-json\/wp\/v2\/users\/1"}],"replies":[{"embeddable":true,"href":"https:\/\/swiss-pixel.com\/de\/wp-json\/wp\/v2\/comments?post=3792"}],"version-history":[{"count":0,"href":"https:\/\/swiss-pixel.com\/de\/wp-json\/wp\/v2\/pages\/3792\/revisions"}],"wp:attachment":[{"href":"https:\/\/swiss-pixel.com\/de\/wp-json\/wp\/v2\/media?parent=3792"}],"curies":[{"name":"wp","href":"https:\/\/api.w.org\/{rel}","templated":true}]}}