{"id":3790,"date":"2024-01-19T16:28:35","date_gmt":"2024-01-19T15:28:35","guid":{"rendered":"https:\/\/swiss-pixel.com\/?page_id=3790"},"modified":"2024-01-20T14:52:07","modified_gmt":"2024-01-20T13:52:07","slug":"social-media-marketing-smm","status":"publish","type":"page","link":"https:\/\/swiss-pixel.com\/de\/social-media-marketing-smm\/","title":{"rendered":"Social Media Marketing (SMM)"},"content":{"rendered":"<div data-elementor-type=\"wp-page\" data-elementor-id=\"3790\" class=\"elementor elementor-3790\" data-elementor-post-type=\"page\">\n\t\t\t\t\t\t<section class=\"elementor-section elementor-top-section elementor-element elementor-element-2005eacd elementor-section-height-min-height wd-section-stretch elementor-section-content-bottom elementor-section-items-bottom elementor-section-boxed elementor-section-height-default\" data-id=\"2005eacd\" data-element_type=\"section\" data-settings=\"{&quot;background_background&quot;:&quot;classic&quot;}\">\n\t\t\t\t\t\t<div class=\"elementor-container elementor-column-gap-wide\">\n\t\t\t\t\t<div class=\"elementor-column elementor-col-50 elementor-top-column elementor-element elementor-element-37bf10a5\" data-id=\"37bf10a5\" data-element_type=\"column\">\n\t\t\t<div class=\"elementor-widget-wrap elementor-element-populated\">\n\t\t\t\t\t\t<div class=\"elementor-element elementor-element-2c364520 elementor-widget elementor-widget-heading\" data-id=\"2c364520\" data-element_type=\"widget\" data-widget_type=\"heading.default\">\n\t\t\t\t<div class=\"elementor-widget-container\">\n\t\t\t\t\t<h1 class=\"elementor-heading-title elementor-size-default\">Social Media Marketing (SMM)<\/h1>\t\t\t\t<\/div>\n\t\t\t\t<\/div>\n\t\t\t\t\t<\/div>\n\t\t<\/div>\n\t\t\t\t<div class=\"elementor-column elementor-col-50 elementor-top-column elementor-element elementor-element-2240b004\" data-id=\"2240b004\" data-element_type=\"column\">\n\t\t\t<div class=\"elementor-widget-wrap\">\n\t\t\t\t\t\t\t<\/div>\n\t\t<\/div>\n\t\t\t\t\t<\/div>\n\t\t<\/section>\n\t\t\t\t<section class=\"elementor-section elementor-top-section elementor-element elementor-element-866c240 wd-section-stretch elementor-section-boxed elementor-section-height-default elementor-section-height-default\" data-id=\"866c240\" data-element_type=\"section\" data-settings=\"{&quot;background_background&quot;:&quot;classic&quot;}\">\n\t\t\t\t\t\t\t<div class=\"elementor-background-overlay\"><\/div>\n\t\t\t\t\t\t\t<div class=\"elementor-container elementor-column-gap-default\">\n\t\t\t\t\t<div class=\"elementor-column elementor-col-100 elementor-top-column elementor-element elementor-element-466ec09a\" data-id=\"466ec09a\" data-element_type=\"column\">\n\t\t\t<div class=\"elementor-widget-wrap elementor-element-populated\">\n\t\t\t\t\t\t<div class=\"elementor-element elementor-element-5bd57099 color-scheme-inherit text-left elementor-widget elementor-widget-text-editor\" data-id=\"5bd57099\" data-element_type=\"widget\" data-widget_type=\"text-editor.default\">\n\t\t\t\t<div class=\"elementor-widget-container\">\n\t\t\t\t\t\t\t\t\tSwiss Pixel ist auf fortschrittliches Social Media Marketing (SMM) spezialisiert und bietet ein umfassendes Paket zur Steigerung der digitalen Wirkung Ihrer Marke. Unser strategischer Ansatz umfasst alles von der Gestaltung visuell ansprechender Seitendesigns bis hin zur Entwicklung zielgruppengerechter Content-Pl\u00e4ne. Wir identifizieren Ihre Zielgruppe, interagieren aktiv mit Ihren Zielgruppen, betreuen Social-Media-Communitys, organisieren wirkungsvolle Kampagnen und liefern detaillierte Berichte f\u00fcr fundierte Entscheidungen. Steigern Sie mit uns die Social-Media-Pr\u00e4senz Ihrer Marke \u2013 hier treffen Strategie auf Engagement und Ergebnisse.\t\t\t\t\t\t\t\t<\/div>\n\t\t\t\t<\/div>\n\t\t\t\t<div class=\"elementor-element elementor-element-57c0b840 elementor-widget elementor-widget-heading\" data-id=\"57c0b840\" data-element_type=\"widget\" data-widget_type=\"heading.default\">\n\t\t\t\t<div class=\"elementor-widget-container\">\n\t\t\t\t\t<h2 class=\"elementor-heading-title elementor-size-default\">Unsere Social Media Marketing Services umfassen:<\/h2>\t\t\t\t<\/div>\n\t\t\t\t<\/div>\n\t\t\t\t<div class=\"elementor-element elementor-element-7f47a27b elementor-widget-divider--view-line elementor-widget elementor-widget-divider\" data-id=\"7f47a27b\" data-element_type=\"widget\" data-widget_type=\"divider.default\">\n\t\t\t\t<div class=\"elementor-widget-container\">\n\t\t\t\t\t\t\t<div class=\"elementor-divider\">\n\t\t\t<span class=\"elementor-divider-separator\">\n\t\t\t\t\t\t<\/span>\n\t\t<\/div>\n\t\t\t\t\t\t<\/div>\n\t\t\t\t<\/div>\n\t\t\t\t<div class=\"elementor-element elementor-element-485ce065 elementor-widget elementor-widget-heading\" data-id=\"485ce065\" data-element_type=\"widget\" data-widget_type=\"heading.default\">\n\t\t\t\t<div class=\"elementor-widget-container\">\n\t\t\t\t\t<h4 class=\"elementor-heading-title elementor-size-default\">Strategie:<\/h4>\t\t\t\t<\/div>\n\t\t\t\t<\/div>\n\t\t\t\t<div class=\"elementor-element elementor-element-326a6f69 color-scheme-inherit text-left elementor-widget elementor-widget-text-editor\" data-id=\"326a6f69\" data-element_type=\"widget\" data-widget_type=\"text-editor.default\">\n\t\t\t\t<div class=\"elementor-widget-container\">\n\t\t\t\t\t\t\t\t\tEntwickeln Sie eine erfolgreiche Social-Media-Strategie, die auf Ihre Gesch\u00e4ftsziele zugeschnitten ist. Wir analysieren Ihre Branche, Ihre Zielgruppe und Ihre Konkurrenz und entwickeln einen Plan, der daf\u00fcr sorgt, dass Ihre Marke in der digitalen Welt hervorsticht.\t\t\t\t\t\t\t\t<\/div>\n\t\t\t\t<\/div>\n\t\t\t\t<div class=\"elementor-element elementor-element-7cd10378 elementor-widget elementor-widget-heading\" data-id=\"7cd10378\" data-element_type=\"widget\" data-widget_type=\"heading.default\">\n\t\t\t\t<div class=\"elementor-widget-container\">\n\t\t\t\t\t<h4 class=\"elementor-heading-title elementor-size-default\">Seitengestaltung:<\/h4>\t\t\t\t<\/div>\n\t\t\t\t<\/div>\n\t\t\t\t<div class=\"elementor-element elementor-element-e732926 color-scheme-inherit text-left elementor-widget elementor-widget-text-editor\" data-id=\"e732926\" data-element_type=\"widget\" data-widget_type=\"text-editor.default\">\n\t\t\t\t<div class=\"elementor-widget-container\">\n\t\t\t\t\t\t\t\t\tHinterlassen Sie einen bleibenden Eindruck mit optisch ansprechendem und stimmigem Seitendesign. Unsere Designexperten kreieren eine \u00fcberzeugende visuelle Identit\u00e4t f\u00fcr Ihre Social-Media-Seiten, die sich nahtlos in Ihre Marke einf\u00fcgt.\t\t\t\t\t\t\t\t<\/div>\n\t\t\t\t<\/div>\n\t\t\t\t<div class=\"elementor-element elementor-element-48e116a3 elementor-widget elementor-widget-heading\" data-id=\"48e116a3\" data-element_type=\"widget\" data-widget_type=\"heading.default\">\n\t\t\t\t<div class=\"elementor-widget-container\">\n\t\t\t\t\t<h4 class=\"elementor-heading-title elementor-size-default\">Inhaltsplan:<\/h4>\t\t\t\t<\/div>\n\t\t\t\t<\/div>\n\t\t\t\t<div class=\"elementor-element elementor-element-786c54b0 color-scheme-inherit text-left elementor-widget elementor-widget-text-editor\" data-id=\"786c54b0\" data-element_type=\"widget\" data-widget_type=\"text-editor.default\">\n\t\t\t\t<div class=\"elementor-widget-container\">\n\t\t\t\t\t\t\t\t\tSt\u00e4rken Sie Ihre Social-Media-Pr\u00e4senz mit einem durchdachten Content-Plan. Von kuratierten Posts bis hin zu ansprechenden Multimedia-Inhalten \u2013 wir sorgen daf\u00fcr, dass die Stimme Ihrer Marke bei Ihrem Publikum ankommt und es immer wieder zur\u00fcckkommt.\t\t\t\t\t\t\t\t<\/div>\n\t\t\t\t<\/div>\n\t\t\t\t<div class=\"elementor-element elementor-element-1b135e2e elementor-widget elementor-widget-heading\" data-id=\"1b135e2e\" data-element_type=\"widget\" data-widget_type=\"heading.default\">\n\t\t\t\t<div class=\"elementor-widget-container\">\n\t\t\t\t\t<h4 class=\"elementor-heading-title elementor-size-default\">Zielplan:<\/h4>\t\t\t\t<\/div>\n\t\t\t\t<\/div>\n\t\t\t\t<div class=\"elementor-element elementor-element-4d6ba4c7 color-scheme-inherit text-left elementor-widget elementor-widget-text-editor\" data-id=\"4d6ba4c7\" data-element_type=\"widget\" data-widget_type=\"text-editor.default\">\n\t\t\t\t<div class=\"elementor-widget-container\">\n\t\t\t\t\t\t\t\t\tMaximieren Sie Ihre Reichweite mit einem pr\u00e4zisen Targeting-Plan. Wir identifizieren und sprechen Ihre ideale Zielgruppe an und stellen sicher, dass Ihre Inhalte die richtigen Personen zur richtigen Zeit erreichen und so Engagement und Conversions f\u00f6rdern.\t\t\t\t\t\t\t\t<\/div>\n\t\t\t\t<\/div>\n\t\t\t\t<div class=\"elementor-element elementor-element-13697c5 elementor-widget elementor-widget-heading\" data-id=\"13697c5\" data-element_type=\"widget\" data-widget_type=\"heading.default\">\n\t\t\t\t<div class=\"elementor-widget-container\">\n\t\t\t\t\t<h4 class=\"elementor-heading-title elementor-size-default\">Interaktion mit dem Publikum:<\/h4>\t\t\t\t<\/div>\n\t\t\t\t<\/div>\n\t\t\t\t<div class=\"elementor-element elementor-element-329ca716 color-scheme-inherit text-left elementor-widget elementor-widget-text-editor\" data-id=\"329ca716\" data-element_type=\"widget\" data-widget_type=\"text-editor.default\">\n\t\t\t\t<div class=\"elementor-widget-container\">\n\t\t\t\t\t\t\t\t\tBauen Sie durch aktives Engagement sinnvolle Verbindungen zu Ihrem Publikum auf. Wir reagieren auf Kommentare, Nachrichten und Interaktionen und schaffen so eine dynamische und reaktionsschnelle Online-Community rund um Ihre Marke.\t\t\t\t\t\t\t\t<\/div>\n\t\t\t\t<\/div>\n\t\t\t\t<div class=\"elementor-element elementor-element-69bbae05 elementor-widget elementor-widget-heading\" data-id=\"69bbae05\" data-element_type=\"widget\" data-widget_type=\"heading.default\">\n\t\t\t\t<div class=\"elementor-widget-container\">\n\t\t\t\t\t<h4 class=\"elementor-heading-title elementor-size-default\">Verwalten von Social Media-Communitys:<\/h4>\t\t\t\t<\/div>\n\t\t\t\t<\/div>\n\t\t\t\t<div class=\"elementor-element elementor-element-5d5c3fe3 color-scheme-inherit text-left elementor-widget elementor-widget-text-editor\" data-id=\"5d5c3fe3\" data-element_type=\"widget\" data-widget_type=\"text-editor.default\">\n\t\t\t\t<div class=\"elementor-widget-container\">\n\t\t\t\t\t\t\t\t\tBauen Sie eine florierende Online-Community auf. Unser Team verwaltet und pflegt Ihre Social-Media-Communitys, f\u00f6rdert positive Interaktionen und baut einen treuen Kundenstamm auf.\t\t\t\t\t\t\t\t<\/div>\n\t\t\t\t<\/div>\n\t\t\t\t<div class=\"elementor-element elementor-element-e8e0567 elementor-widget elementor-widget-heading\" data-id=\"e8e0567\" data-element_type=\"widget\" data-widget_type=\"heading.default\">\n\t\t\t\t<div class=\"elementor-widget-container\">\n\t\t\t\t\t<h4 class=\"elementor-heading-title elementor-size-default\">Kampagnen organisieren:<\/h4>\t\t\t\t<\/div>\n\t\t\t\t<\/div>\n\t\t\t\t<div class=\"elementor-element elementor-element-f3c688c color-scheme-inherit text-left elementor-widget elementor-widget-text-editor\" data-id=\"f3c688c\" data-element_type=\"widget\" data-widget_type=\"text-editor.default\">\n\t\t\t\t<div class=\"elementor-widget-container\">\n\t\t\t\t\t\t\t\t\tSteigern Sie die Sichtbarkeit Ihrer Marke mit gut organisierten und wirkungsvollen Social-Media-Kampagnen. Ob Produkteinf\u00fchrung, Werbeaktion oder Markenbekanntheitsinitiative \u2013 wir sorgen daf\u00fcr, dass Ihre Kampagnen einen bleibenden Eindruck hinterlassen.\t\t\t\t\t\t\t\t<\/div>\n\t\t\t\t<\/div>\n\t\t\t\t<div class=\"elementor-element elementor-element-db37a4e elementor-widget elementor-widget-heading\" data-id=\"db37a4e\" data-element_type=\"widget\" data-widget_type=\"heading.default\">\n\t\t\t\t<div class=\"elementor-widget-container\">\n\t\t\t\t\t<h4 class=\"elementor-heading-title elementor-size-default\">Berichterstattung:<\/h4>\t\t\t\t<\/div>\n\t\t\t\t<\/div>\n\t\t\t\t<div class=\"elementor-element elementor-element-c9aabb4 color-scheme-inherit text-left elementor-widget elementor-widget-text-editor\" data-id=\"c9aabb4\" data-element_type=\"widget\" data-widget_type=\"text-editor.default\">\n\t\t\t\t<div class=\"elementor-widget-container\">\n\t\t\t\t\t\t\t\t\tBleiben Sie mit umfassenden Berichten auf dem Laufenden. Wir bieten detaillierte Analysen und Einblicke in die Leistung Ihrer Social-Media-Kampagnen, sodass Sie den Fortschritt verfolgen und datenbasierte Entscheidungen treffen k\u00f6nnen.\t\t\t\t\t\t\t\t<\/div>\n\t\t\t\t<\/div>\n\t\t\t\t<div class=\"elementor-element elementor-element-49a36f44 color-scheme-inherit text-left elementor-widget elementor-widget-text-editor\" data-id=\"49a36f44\" data-element_type=\"widget\" data-widget_type=\"text-editor.default\">\n\t\t\t\t<div class=\"elementor-widget-container\">\n\t\t\t\t\t\t\t\t\tBei Swiss Pixel gehen wir \u00fcber konventionelles Social Media Marketing hinaus. Wir nutzen die Macht der sozialen Medien, um Ihre Marke zu neuen H\u00f6hen zu f\u00fchren. Sind Sie bereit, Ihre Social-Media-Pr\u00e4senz zu steigern? Kontaktieren Sie uns noch heute f\u00fcr eine pers\u00f6nliche Beratung und lassen Sie uns gemeinsam den Weg zum digitalen Erfolg beschreiten.\t\t\t\t\t\t\t\t<\/div>\n\t\t\t\t<\/div>\n\t\t\t\t<div class=\"elementor-element elementor-element-68037a38 elementor-widget elementor-widget-button\" data-id=\"68037a38\" data-element_type=\"widget\" data-widget_type=\"button.default\">\n\t\t\t\t<div class=\"elementor-widget-container\">\n\t\t\t\t\t\t\t\t\t<div class=\"elementor-button-wrapper\">\n\t\t\t\t\t<a class=\"elementor-button elementor-button-link elementor-size-sm\" href=\"https:\/\/swiss-pixel.com\/de\/#ourcontact\">\n\t\t\t\t\t\t<span class=\"elementor-button-content-wrapper\">\n\t\t\t\t\t\t\t\t\t<span class=\"elementor-button-text\">KONTAKTIEREN SIE UNS<\/span>\n\t\t\t\t\t<\/span>\n\t\t\t\t\t<\/a>\n\t\t\t\t<\/div>\n\t\t\t\t\t\t\t\t<\/div>\n\t\t\t\t<\/div>\n\t\t\t\t<div class=\"elementor-element elementor-element-321e01b6 elementor-widget elementor-widget-spacer\" data-id=\"321e01b6\" data-element_type=\"widget\" data-widget_type=\"spacer.default\">\n\t\t\t\t<div class=\"elementor-widget-container\">\n\t\t\t\t\t\t\t<div class=\"elementor-spacer\">\n\t\t\t<div class=\"elementor-spacer-inner\"><\/div>\n\t\t<\/div>\n\t\t\t\t\t\t<\/div>\n\t\t\t\t<\/div>\n\t\t\t\t\t<\/div>\n\t\t<\/div>\n\t\t\t\t\t<\/div>\n\t\t<\/section>\n\t\t\t\t<\/div>","protected":false},"excerpt":{"rendered":"<p>Swiss Pixel ist auf fortschrittliche Social-Media-Marketing-Dienstleistungen (SMM) spezialisiert und bietet ein umfassendes Leistungsspektrum zur Steigerung der digitalen Wirkung Ihrer Marke.<\/p>","protected":false},"author":1,"featured_media":0,"parent":0,"menu_order":0,"comment_status":"closed","ping_status":"closed","template":"","meta":{"_acf_changed":false,"footnotes":""},"class_list":["post-3790","page","type-page","status-publish","hentry"],"acf":[],"_links":{"self":[{"href":"https:\/\/swiss-pixel.com\/de\/wp-json\/wp\/v2\/pages\/3790","targetHints":{"allow":["GET"]}}],"collection":[{"href":"https:\/\/swiss-pixel.com\/de\/wp-json\/wp\/v2\/pages"}],"about":[{"href":"https:\/\/swiss-pixel.com\/de\/wp-json\/wp\/v2\/types\/page"}],"author":[{"embeddable":true,"href":"https:\/\/swiss-pixel.com\/de\/wp-json\/wp\/v2\/users\/1"}],"replies":[{"embeddable":true,"href":"https:\/\/swiss-pixel.com\/de\/wp-json\/wp\/v2\/comments?post=3790"}],"version-history":[{"count":0,"href":"https:\/\/swiss-pixel.com\/de\/wp-json\/wp\/v2\/pages\/3790\/revisions"}],"wp:attachment":[{"href":"https:\/\/swiss-pixel.com\/de\/wp-json\/wp\/v2\/media?parent=3790"}],"curies":[{"name":"wp","href":"https:\/\/api.w.org\/{rel}","templated":true}]}}