{"id":3786,"date":"2024-01-19T16:28:13","date_gmt":"2024-01-19T15:28:13","guid":{"rendered":"https:\/\/swiss-pixel.com\/?page_id=3786"},"modified":"2024-01-19T16:55:19","modified_gmt":"2024-01-19T15:55:19","slug":"listing-creation-for-marketplaces","status":"publish","type":"page","link":"https:\/\/swiss-pixel.com\/de\/listing-creation-for-marketplaces\/","title":{"rendered":"Listing-Erstellung f\u00fcr Marktpl\u00e4tze"},"content":{"rendered":"<div data-elementor-type=\"wp-page\" data-elementor-id=\"3786\" class=\"elementor elementor-3786\" data-elementor-post-type=\"page\">\n\t\t\t\t\t\t<section class=\"elementor-section elementor-top-section elementor-element elementor-element-7d5f86a1 elementor-section-height-min-height wd-section-stretch elementor-section-content-bottom elementor-section-items-bottom elementor-section-boxed elementor-section-height-default\" data-id=\"7d5f86a1\" data-element_type=\"section\" data-settings=\"{&quot;background_background&quot;:&quot;classic&quot;}\">\n\t\t\t\t\t\t<div class=\"elementor-container elementor-column-gap-wide\">\n\t\t\t\t\t<div class=\"elementor-column elementor-col-50 elementor-top-column elementor-element elementor-element-588b2531\" data-id=\"588b2531\" data-element_type=\"column\">\n\t\t\t<div class=\"elementor-widget-wrap elementor-element-populated\">\n\t\t\t\t\t\t<div class=\"elementor-element elementor-element-194e3003 elementor-widget elementor-widget-heading\" data-id=\"194e3003\" data-element_type=\"widget\" data-widget_type=\"heading.default\">\n\t\t\t\t<div class=\"elementor-widget-container\">\n\t\t\t\t\t<h1 class=\"elementor-heading-title elementor-size-default\">Listing-Erstellung f\u00fcr Marktpl\u00e4tze<\/h1>\t\t\t\t<\/div>\n\t\t\t\t<\/div>\n\t\t\t\t\t<\/div>\n\t\t<\/div>\n\t\t\t\t<div class=\"elementor-column elementor-col-50 elementor-top-column elementor-element elementor-element-5e04cc2b\" data-id=\"5e04cc2b\" data-element_type=\"column\">\n\t\t\t<div class=\"elementor-widget-wrap\">\n\t\t\t\t\t\t\t<\/div>\n\t\t<\/div>\n\t\t\t\t\t<\/div>\n\t\t<\/section>\n\t\t\t\t<section class=\"elementor-section elementor-top-section elementor-element elementor-element-4031357e wd-section-stretch elementor-section-boxed elementor-section-height-default elementor-section-height-default\" data-id=\"4031357e\" data-element_type=\"section\" data-settings=\"{&quot;background_background&quot;:&quot;classic&quot;}\">\n\t\t\t\t\t\t\t<div class=\"elementor-background-overlay\"><\/div>\n\t\t\t\t\t\t\t<div class=\"elementor-container elementor-column-gap-default\">\n\t\t\t\t\t<div class=\"elementor-column elementor-col-100 elementor-top-column elementor-element elementor-element-3cbd5df8\" data-id=\"3cbd5df8\" data-element_type=\"column\">\n\t\t\t<div class=\"elementor-widget-wrap elementor-element-populated\">\n\t\t\t\t\t\t<div class=\"elementor-element elementor-element-342dca64 color-scheme-inherit text-left elementor-widget elementor-widget-text-editor\" data-id=\"342dca64\" data-element_type=\"widget\" data-widget_type=\"text-editor.default\">\n\t\t\t\t<div class=\"elementor-widget-container\">\n\t\t\t\t\t\t\t\t\tBei Swiss Pixel profitieren Sie von unserer Erfahrung, denn wir sind spezialisiert auf die Erstellung leistungsstarker und hochkonvertierender Produktlistings auf gro\u00dfen Marktpl\u00e4tzen wie Amazon, eBay und anderen. Wir wissen, dass ein sorgf\u00e4ltig erstelltes Listing der Schl\u00fcssel zu steigenden Ums\u00e4tzen im wettbewerbsintensiven E-Commerce-Umfeld ist. Mit uns sichern Sie sich nicht nur ein Listing, sondern einen strategischen Vorteil, der sich direkt in Umsatzsteigerungen und nachhaltigem Erfolg niederschl\u00e4gt.\t\t\t\t\t\t\t\t<\/div>\n\t\t\t\t<\/div>\n\t\t\t\t<div class=\"elementor-element elementor-element-22954c8f elementor-widget elementor-widget-heading\" data-id=\"22954c8f\" data-element_type=\"widget\" data-widget_type=\"heading.default\">\n\t\t\t\t<div class=\"elementor-widget-container\">\n\t\t\t\t\t<h2 class=\"elementor-heading-title elementor-size-default\">Unsere umfassenden Services zur Listing-Erstellung umfassen:<\/h2>\t\t\t\t<\/div>\n\t\t\t\t<\/div>\n\t\t\t\t<div class=\"elementor-element elementor-element-256b3135 elementor-widget-divider--view-line elementor-widget elementor-widget-divider\" data-id=\"256b3135\" data-element_type=\"widget\" data-widget_type=\"divider.default\">\n\t\t\t\t<div class=\"elementor-widget-container\">\n\t\t\t\t\t\t\t<div class=\"elementor-divider\">\n\t\t\t<span class=\"elementor-divider-separator\">\n\t\t\t\t\t\t<\/span>\n\t\t<\/div>\n\t\t\t\t\t\t<\/div>\n\t\t\t\t<\/div>\n\t\t\t\t<div class=\"elementor-element elementor-element-f7253ae elementor-widget elementor-widget-heading\" data-id=\"f7253ae\" data-element_type=\"widget\" data-widget_type=\"heading.default\">\n\t\t\t\t<div class=\"elementor-widget-container\">\n\t\t\t\t\t<h4 class=\"elementor-heading-title elementor-size-default\">Produkttitel:<\/h4>\t\t\t\t<\/div>\n\t\t\t\t<\/div>\n\t\t\t\t<div class=\"elementor-element elementor-element-329c5b2 color-scheme-inherit text-left elementor-widget elementor-widget-text-editor\" data-id=\"329c5b2\" data-element_type=\"widget\" data-widget_type=\"text-editor.default\">\n\t\t\t\t<div class=\"elementor-widget-container\">\n\t\t\t\t\t\t\t\t\tWir wissen, wie wichtig ein fesselnder Produkttitel ist. Unser Team entwickelt Titel, die nicht nur informativ, sondern auch suchoptimiert sind und so daf\u00fcr sorgen, dass Ihre Produkte die Aufmerksamkeit erhalten, die sie verdienen.\t\t\t\t\t\t\t\t<\/div>\n\t\t\t\t<\/div>\n\t\t\t\t<div class=\"elementor-element elementor-element-86a1dea elementor-widget elementor-widget-heading\" data-id=\"86a1dea\" data-element_type=\"widget\" data-widget_type=\"heading.default\">\n\t\t\t\t<div class=\"elementor-widget-container\">\n\t\t\t\t\t<h4 class=\"elementor-heading-title elementor-size-default\">Produktbeschreibung:<\/h4>\t\t\t\t<\/div>\n\t\t\t\t<\/div>\n\t\t\t\t<div class=\"elementor-element elementor-element-3d98866 color-scheme-inherit text-left elementor-widget elementor-widget-text-editor\" data-id=\"3d98866\" data-element_type=\"widget\" data-widget_type=\"text-editor.default\">\n\t\t\t\t<div class=\"elementor-widget-container\">\n\t\t\t\t\t\t\t\t\tWorte sind wichtig. Unsere erfahrenen Texter erstellen Produktbeschreibungen, die die Eigenschaften und Vorteile Ihrer Produkte anschaulich vermitteln und Kunden zu fundierten Kaufentscheidungen bewegen.\t\t\t\t\t\t\t\t<\/div>\n\t\t\t\t<\/div>\n\t\t\t\t<div class=\"elementor-element elementor-element-4650835 elementor-widget elementor-widget-heading\" data-id=\"4650835\" data-element_type=\"widget\" data-widget_type=\"heading.default\">\n\t\t\t\t<div class=\"elementor-widget-container\">\n\t\t\t\t\t<h4 class=\"elementor-heading-title elementor-size-default\">Hauptmerkmale:<\/h4>\t\t\t\t<\/div>\n\t\t\t\t<\/div>\n\t\t\t\t<div class=\"elementor-element elementor-element-3d85cb1 color-scheme-inherit text-left elementor-widget elementor-widget-text-editor\" data-id=\"3d85cb1\" data-element_type=\"widget\" data-widget_type=\"text-editor.default\">\n\t\t\t\t<div class=\"elementor-widget-container\">\n\t\t\t\t\t\t\t\t\tDie Hervorhebung der wichtigsten Merkmale Ihrer Produkte ist entscheidend. Wir identifizieren und pr\u00e4sentieren diese sorgf\u00e4ltig, damit Ihre Kunden schnell verstehen, was Ihre Produkte von der Konkurrenz abhebt.\t\t\t\t\t\t\t\t<\/div>\n\t\t\t\t<\/div>\n\t\t\t\t<div class=\"elementor-element elementor-element-26eb141 elementor-widget elementor-widget-heading\" data-id=\"26eb141\" data-element_type=\"widget\" data-widget_type=\"heading.default\">\n\t\t\t\t<div class=\"elementor-widget-container\">\n\t\t\t\t\t<h4 class=\"elementor-heading-title elementor-size-default\">Aufz\u00e4hlungspunkte:<\/h4>\t\t\t\t<\/div>\n\t\t\t\t<\/div>\n\t\t\t\t<div class=\"elementor-element elementor-element-c2ddd53 color-scheme-inherit text-left elementor-widget elementor-widget-text-editor\" data-id=\"c2ddd53\" data-element_type=\"widget\" data-widget_type=\"text-editor.default\">\n\t\t\t\t<div class=\"elementor-widget-container\">\n\t\t\t\t\t\t\t\t\tUnsere Aufz\u00e4hlungspunkte sind pr\u00e4gnant und wirkungsvoll und betonen die wichtigsten Verkaufsargumente Ihrer Produkte. Wir legen Wert auf Lesbarkeit und Klarheit, damit Kunden den Mehrwert Ihrer Produkte leicht erkennen k\u00f6nnen.\t\t\t\t\t\t\t\t<\/div>\n\t\t\t\t<\/div>\n\t\t\t\t<div class=\"elementor-element elementor-element-4405aef elementor-widget elementor-widget-heading\" data-id=\"4405aef\" data-element_type=\"widget\" data-widget_type=\"heading.default\">\n\t\t\t\t<div class=\"elementor-widget-container\">\n\t\t\t\t\t<h4 class=\"elementor-heading-title elementor-size-default\">Verbesserter Markeninhalt:<\/h4>\t\t\t\t<\/div>\n\t\t\t\t<\/div>\n\t\t\t\t<div class=\"elementor-element elementor-element-939bee2 color-scheme-inherit text-left elementor-widget elementor-widget-text-editor\" data-id=\"939bee2\" data-element_type=\"widget\" data-widget_type=\"text-editor.default\">\n\t\t\t\t<div class=\"elementor-widget-container\">\n\t\t\t\t\t\t\t\t\tSt\u00e4rken Sie Ihre Marke mit unseren Enhanced Brand Content-Services. Wir gestalten optisch ansprechende Layouts, die Ihre Markengeschichte erz\u00e4hlen, die Markenidentit\u00e4t st\u00e4rken und eine Verbindung zu Ihrem Publikum herstellen.\t\t\t\t\t\t\t\t<\/div>\n\t\t\t\t<\/div>\n\t\t\t\t<div class=\"elementor-element elementor-element-2b3b8c8 elementor-widget elementor-widget-heading\" data-id=\"2b3b8c8\" data-element_type=\"widget\" data-widget_type=\"heading.default\">\n\t\t\t\t<div class=\"elementor-widget-container\">\n\t\t\t\t\t<h4 class=\"elementor-heading-title elementor-size-default\">A+ Inhalt:<\/h4>\t\t\t\t<\/div>\n\t\t\t\t<\/div>\n\t\t\t\t<div class=\"elementor-element elementor-element-6845c81 color-scheme-inherit text-left elementor-widget elementor-widget-text-editor\" data-id=\"6845c81\" data-element_type=\"widget\" data-widget_type=\"text-editor.default\">\n\t\t\t\t<div class=\"elementor-widget-container\">\n\t\t\t\t\t\t\t\t\tBringen Sie Ihre Angebote mit A+ Content auf das n\u00e4chste Level. Unser Team erstellt ansprechende und informative Multimedia-Inhalte und bietet Kunden ein umfassenderes und intensiveres Einkaufserlebnis.\t\t\t\t\t\t\t\t<\/div>\n\t\t\t\t<\/div>\n\t\t\t\t<div class=\"elementor-element elementor-element-6d46d0a color-scheme-inherit text-left elementor-widget elementor-widget-text-editor\" data-id=\"6d46d0a\" data-element_type=\"widget\" data-widget_type=\"text-editor.default\">\n\t\t\t\t<div class=\"elementor-widget-container\">\n\t\t\t\t\t\t\t\t\tBei Swiss Pixel gehen wir \u00fcber die traditionelle Listing-Erstellung hinaus. Wir verbessern Ihre Markensichtbarkeit und steigern Ihren Umsatz auf f\u00fchrenden E-Commerce-Plattformen. Vertrauen Sie uns: Wir erstellen Listings, die nicht nur den Marktstandards entsprechen, sondern auch die Erwartungen unserer Kunden \u00fcbertreffen.\t\t\t\t\t\t\t\t<\/div>\n\t\t\t\t<\/div>\n\t\t\t\t<div class=\"elementor-element elementor-element-6890ffe2 elementor-widget elementor-widget-button\" data-id=\"6890ffe2\" data-element_type=\"widget\" data-widget_type=\"button.default\">\n\t\t\t\t<div class=\"elementor-widget-container\">\n\t\t\t\t\t\t\t\t\t<div class=\"elementor-button-wrapper\">\n\t\t\t\t\t<a class=\"elementor-button elementor-button-link elementor-size-sm\" href=\"https:\/\/swiss-pixel.com\/de\/#ourcontact\">\n\t\t\t\t\t\t<span class=\"elementor-button-content-wrapper\">\n\t\t\t\t\t\t\t\t\t<span class=\"elementor-button-text\">KONTAKTIEREN SIE UNS<\/span>\n\t\t\t\t\t<\/span>\n\t\t\t\t\t<\/a>\n\t\t\t\t<\/div>\n\t\t\t\t\t\t\t\t<\/div>\n\t\t\t\t<\/div>\n\t\t\t\t<div class=\"elementor-element elementor-element-4782e3c elementor-widget elementor-widget-spacer\" data-id=\"4782e3c\" data-element_type=\"widget\" data-widget_type=\"spacer.default\">\n\t\t\t\t<div class=\"elementor-widget-container\">\n\t\t\t\t\t\t\t<div class=\"elementor-spacer\">\n\t\t\t<div class=\"elementor-spacer-inner\"><\/div>\n\t\t<\/div>\n\t\t\t\t\t\t<\/div>\n\t\t\t\t<\/div>\n\t\t\t\t\t<\/div>\n\t\t<\/div>\n\t\t\t\t\t<\/div>\n\t\t<\/section>\n\t\t\t\t<\/div>","protected":false},"excerpt":{"rendered":"<p>Bei Swiss Pixel kommt unsere Erfahrung zum Ausdruck, da wir uns auf die Erstellung leistungsstarker und hochkonvertierender Produktlisten auf den wichtigsten Marktpl\u00e4tzen spezialisiert haben.<\/p>","protected":false},"author":1,"featured_media":0,"parent":0,"menu_order":0,"comment_status":"closed","ping_status":"closed","template":"","meta":{"_acf_changed":false,"footnotes":""},"class_list":["post-3786","page","type-page","status-publish","hentry"],"acf":[],"_links":{"self":[{"href":"https:\/\/swiss-pixel.com\/de\/wp-json\/wp\/v2\/pages\/3786","targetHints":{"allow":["GET"]}}],"collection":[{"href":"https:\/\/swiss-pixel.com\/de\/wp-json\/wp\/v2\/pages"}],"about":[{"href":"https:\/\/swiss-pixel.com\/de\/wp-json\/wp\/v2\/types\/page"}],"author":[{"embeddable":true,"href":"https:\/\/swiss-pixel.com\/de\/wp-json\/wp\/v2\/users\/1"}],"replies":[{"embeddable":true,"href":"https:\/\/swiss-pixel.com\/de\/wp-json\/wp\/v2\/comments?post=3786"}],"version-history":[{"count":0,"href":"https:\/\/swiss-pixel.com\/de\/wp-json\/wp\/v2\/pages\/3786\/revisions"}],"wp:attachment":[{"href":"https:\/\/swiss-pixel.com\/de\/wp-json\/wp\/v2\/media?parent=3786"}],"curies":[{"name":"wp","href":"https:\/\/api.w.org\/{rel}","templated":true}]}}